{"id":189,"date":"2023-10-08T13:23:31","date_gmt":"2023-10-08T13:23:31","guid":{"rendered":"https:\/\/biotechbordeauxetudes.fr\/?page_id=189"},"modified":"2025-11-24T14:42:30","modified_gmt":"2025-11-24T14:42:30","slug":"histoire","status":"publish","type":"page","link":"https:\/\/biotechbordeauxetudes.fr\/index.php\/histoire\/","title":{"rendered":"Histoire"},"content":{"rendered":"\t\t<div data-elementor-type=\"wp-page\" data-elementor-id=\"189\" class=\"elementor elementor-189\">\n\t\t\t\t<div class=\"elementor-element elementor-element-1b2797b3 e-flex e-con-boxed wpr-particle-no wpr-jarallax-no wpr-parallax-no wpr-sticky-section-no wpr-column-slider-no wpr-equal-height-no e-con e-parent\" data-id=\"1b2797b3\" data-element_type=\"container\" data-e-type=\"container\" data-settings=\"{&quot;background_background&quot;:&quot;classic&quot;}\">\n\t\t\t\t\t<div class=\"e-con-inner\">\n\t\t\t\t<div class=\"elementor-element elementor-element-fff7720 elementor-widget elementor-widget-heading\" data-id=\"fff7720\" data-element_type=\"widget\" data-e-type=\"widget\" data-widget_type=\"heading.default\">\n\t\t\t\t<div class=\"elementor-widget-container\">\n\t\t\t\t\t<h1 class=\"elementor-heading-title elementor-size-default\">Histoire<\/h1>\t\t\t\t<\/div>\n\t\t\t\t<\/div>\n\t\t\t\t<div class=\"elementor-element elementor-element-31087a53 elementor-widget elementor-widget-text-editor\" data-id=\"31087a53\" data-element_type=\"widget\" data-e-type=\"widget\" data-widget_type=\"text-editor.default\">\n\t\t\t\t<div class=\"elementor-widget-container\">\n\t\t\t\t\t\t\t\t\t\n<h2 class=\"wp-block-heading has-ast-global-color-1-color has-text-color has-link-color wp-elements-10910a80c83e4e07c8b8ac37b8978823\">Cr\u00e9ation de 2BE par le mandat 2022-2023<\/h2>\n\n<div class=\"wp-block-media-text is-stacked-on-mobile\">\n<figure class=\"wp-block-media-text__media\"><img loading=\"lazy\" decoding=\"async\" width=\"1024\" height=\"683\" class=\"wp-image-185 size-full\" src=\"https:\/\/biotechbordeauxetudes.fr\/wp-content\/uploads\/2023\/10\/Mandat-22-23-1-1024x683.jpg\" alt=\"\" srcset=\"https:\/\/biotechbordeauxetudes.fr\/wp-content\/uploads\/2023\/10\/Mandat-22-23-1-1024x683.jpg 1024w, https:\/\/biotechbordeauxetudes.fr\/wp-content\/uploads\/2023\/10\/Mandat-22-23-1-300x200.jpg 300w, https:\/\/biotechbordeauxetudes.fr\/wp-content\/uploads\/2023\/10\/Mandat-22-23-1-768x512.jpg 768w, https:\/\/biotechbordeauxetudes.fr\/wp-content\/uploads\/2023\/10\/Mandat-22-23-1-1536x1024.jpg 1536w, https:\/\/biotechbordeauxetudes.fr\/wp-content\/uploads\/2023\/10\/Mandat-22-23-1-2048x1366.jpg 2048w\" sizes=\"auto, (max-width: 1024px) 100vw, 1024px\" \/><\/figure>\n<div class=\"wp-block-media-text__content\">\n<p class=\"has-text-align-justify\"><strong><mark class=\"has-inline-color has-ast-global-color-1-color\" style=\"background-color: rgba(0, 0, 0, 0);\">Biotech Bordeaux \u00c9tudes (2BE)<\/mark> <\/strong>est la <strong><mark class=\"has-inline-color has-ast-global-color-1-color\" style=\"background-color: rgba(0, 0, 0, 0);\">Junior-Initiative<\/mark><\/strong> de l\u2019\u00c9cole Nationale Sup\u00e9rieure de Technologie des Biomol\u00e9cules de Bordeaux <strong>(<mark class=\"has-inline-color has-ast-global-color-1-color\" style=\"background-color: rgba(0, 0, 0, 0);\">ENSTBB<\/mark>)<\/strong>, appartenant au groupe INP<strong>. <\/strong>Cette <strong><mark class=\"has-inline-color has-ast-global-color-1-color\" style=\"background-color: rgba(0, 0, 0, 0);\">Association loi 1901<\/mark><\/strong> \u00e0 but non lucratif et \u00e0 <strong><mark class=\"has-inline-color has-ast-global-color-1-color\" style=\"background-color: rgba(0, 0, 0, 0);\">vocation p\u00e9dagogique<\/mark><\/strong> est apparue au Journal Officiel le <strong><mark class=\"has-inline-color has-ast-global-color-1-color\" style=\"background-color: rgba(0, 0, 0, 0);\">23 ao\u00fbt 2022<\/mark><\/strong>. Elle a \u00e9t\u00e9 fond\u00e9e par 10 \u00e9tudiantes de l\u2019ENSTBB, d\u00e9termin\u00e9es et dot\u00e9es d\u2019un esprit d\u2019\u00e9quipe f\u00e9d\u00e9rateur.<\/p>\n\n<p class=\"has-text-align-justify\">Sur la rang\u00e9e du haut : Margaux Turbat, Naomi Cayrac, Pauline Magr\u00e9, El\u00e9a Cahuet, Lucille Pomi\u00e8s et Elisa Descorps.<\/p>\n\n<p class=\"has-text-align-justify\">Et sur la rang\u00e9e du bas : Manon Chauveau, Cyrine Bedjaoui, Julie Morcel et Charlotte P\u00e9t\u00e9.<\/p>\n<\/div>\n<\/div>\n\n<div class=\"wp-block-spacer\" style=\"height: 50px;\" aria-hidden=\"true\">\u00a0<\/div>\n\n<h2 class=\"wp-block-heading has-ast-global-color-1-color has-text-color has-link-color wp-elements-320d304a7eea8a170b223aa2a168a488\">Mandat 2023-2024<\/h2>\n\n<div class=\"wp-block-media-text has-media-on-the-right is-stacked-on-mobile\">\n<div class=\"wp-block-media-text__content\">\n<p class=\"has-text-align-justify\"><strong><mark class=\"has-inline-color has-ast-global-color-1-color\" style=\"background-color: rgba(0, 0, 0, 0);\">Chaque ann\u00e9e scolaire<\/mark><\/strong>, un nouveau mandat est <mark class=\"has-inline-color has-ast-global-color-1-color\" style=\"background-color: rgba(0, 0, 0, 0);\"><strong>s\u00e9lectionn\u00e9<\/strong>, <strong>form\u00e9<\/strong> et <strong>mis en place<\/strong> <\/mark>par le pr\u00e9c\u00e9dent \u00e0 partir du mois de mai.<\/p>\n\n<p class=\"has-text-align-justify\">Pour 2023-2024,<\/p>\n\n<p class=\"has-text-align-justify\">Sur la rang\u00e9e du haut : L\u00e9a Jaud, Camille Breuzin, Josselin Peuto, Victor Granet-Ant\u00f3n, J\u00e9r\u00e9mie G\u00e9labale, Julie Morcel, Romane Espasa et Faustine Briseux-Loire.<\/p>\n\n<p class=\"has-text-align-justify\">Et sur la rang\u00e9e du bas : Baptiste Lourenco, Louna Sarmiento, M\u00e9lissa Guyot, Zo\u00e9 Claireaux et Pauline Terrien.<\/p>\n<\/div>\n<figure class=\"wp-block-media-text__media\"><img loading=\"lazy\" decoding=\"async\" width=\"1024\" height=\"683\" class=\"wp-image-186 size-full\" src=\"https:\/\/biotechbordeauxetudes.fr\/wp-content\/uploads\/2023\/10\/Mandat-23-24-1-1024x683.jpg\" alt=\"\" srcset=\"https:\/\/biotechbordeauxetudes.fr\/wp-content\/uploads\/2023\/10\/Mandat-23-24-1-1024x683.jpg 1024w, https:\/\/biotechbordeauxetudes.fr\/wp-content\/uploads\/2023\/10\/Mandat-23-24-1-300x200.jpg 300w, https:\/\/biotechbordeauxetudes.fr\/wp-content\/uploads\/2023\/10\/Mandat-23-24-1-768x512.jpg 768w, https:\/\/biotechbordeauxetudes.fr\/wp-content\/uploads\/2023\/10\/Mandat-23-24-1-1536x1024.jpg 1536w, https:\/\/biotechbordeauxetudes.fr\/wp-content\/uploads\/2023\/10\/Mandat-23-24-1-2048x1366.jpg 2048w\" sizes=\"auto, (max-width: 1024px) 100vw, 1024px\" \/><\/figure>\n<\/div>\n\n<div class=\"wp-block-spacer\" style=\"height: 50px;\" aria-hidden=\"true\">\u00a0<\/div>\n\n<h2 class=\"wp-block-heading has-ast-global-color-1-color has-text-color has-link-color wp-elements-a5f6c059c6ec43cf1de13f5e0e659d23\">Mandat 2024-2025<\/h2>\n\n<div class=\"wp-block-media-text is-stacked-on-mobile\">\n<figure class=\"wp-block-media-text__media\"><img decoding=\"async\" class=\"wp-image-503 size-full\" src=\"https:\/\/biotechbordeauxetudes.fr\/wp-content\/uploads\/2024\/06\/mandatsitecleaned-1024x683.png\" alt=\"\" \/><\/figure>\n<div class=\"wp-block-media-text__content\">\n<p>Pour 2024-2025,<\/p>\n<p class=\"has-text-align-justify\">Sur la rang\u00e9e du haut : Simon Layen, Julie Gouget, Ana\u00efs Mouy, Tom David, Rajiv Ignace, Jules Monteleone.<\/p>\n<p class=\"has-text-align-justify\">Et sur la rang\u00e9e du bas : Mathilde Ribes, Xinyi Jaw, Laura Sirot, Laly Meally, Myriam Ahaddouch, Lynn El Hage, Camille Belliard.<\/p>\n<p class=\"has-text-align-justify\">Ils ont \u00e9t\u00e9 rejoints plus tard par Gabin Stablo et Alix Tomljanovic.<\/p>\n<\/div>\n<\/div>\n<p>\u00a0<\/p>\n<h2 class=\"wp-block-heading has-ast-global-color-1-color has-text-color has-link-color\">Mandat 2025-2026<\/h2>\n<p><img loading=\"lazy\" decoding=\"async\" class=\"alignright wp-image-2164\" src=\"https:\/\/biotechbordeauxetudes.fr\/wp-content\/uploads\/2025\/04\/IMG_7658-1-scaled-e1745744404753.jpeg\" alt=\"\" width=\"565\" height=\"424\" \/><\/p>\n<p>Pour 2025-2026,<\/p>\n<p class=\"has-text-align-justify\">Sur la rang\u00e9e du haut : Lucy Dubosc, Coline B\u00e9ziat, L\u00e9a Benabid, Ania Massol,\u00a0 Elias Matar, Julie Rondeau et\u00a0 Kheira Zegrir .<\/p>\n<p class=\"has-text-align-justify\">Et sur la rang\u00e9e du bas : M\u00e9lodie Saraiva Bardisbarian, Candice Faure, Rodrigo Gomez Herrera, Mathilde Paolozzi et M\u00e9lissa Grandpeyre.<\/p>\n<p class=\"has-text-align-justify\">Ils ont \u00e9t\u00e9 rejoints plus tard par Laforie Baptiste<\/p>\n<p>\u00a0<\/p>\n<p>\u00a0<\/p>\n<div class=\"wp-block-media-text is-stacked-on-mobile\">\n<div class=\"wp-block-media-text__content\">\n<p>\u00a0<\/p>\n<\/div>\n<\/div>\n\n<div class=\"wp-block-spacer\" style=\"height: 100px;\" aria-hidden=\"true\">\u00a0<\/div>\n\n<div class=\"wp-block-buttons is-content-justification-center is-layout-flex wp-container-core-buttons-is-layout-a89b3969 wp-block-buttons-is-layout-flex\">\n<div class=\"wp-block-button\"><a class=\"wp-block-button__link wp-element-button\" href=\"https:\/\/biotechbordeauxetudes.fr\/index.php\/notre-equipe\/\">Notre \u00c9quipe<\/a><\/div>\n\n<div class=\"wp-block-button\"><a class=\"wp-block-button__link wp-element-button\" href=\"https:\/\/biotechbordeauxetudes.fr\/index.php\/nos-offres\/\">Nos Offres<\/a><\/div>\n<\/div>\n\t\t\t\t\t\t\t\t<\/div>\n\t\t\t\t<\/div>\n\t\t\t\t\t<\/div>\n\t\t\t\t<\/div>\n\t\t\t\t<\/div>\n\t\t","protected":false},"excerpt":{"rendered":"<p>Histoire Cr\u00e9ation de 2BE par le mandat 2022-2023 Biotech Bordeaux \u00c9tudes (2BE) est la Junior-Initiative de l\u2019\u00c9cole Nationale Sup\u00e9rieure de Technologie des Biomol\u00e9cules de Bordeaux (ENSTBB), appartenant au groupe INP. Cette Association loi 1901 \u00e0 but non lucratif et \u00e0 vocation p\u00e9dagogique est apparue au Journal Officiel le 23 ao\u00fbt 2022. Elle a \u00e9t\u00e9 fond\u00e9e par 10 \u00e9tudiantes de l\u2019ENSTBB, d\u00e9termin\u00e9es et dot\u00e9es d\u2019un esprit d\u2019\u00e9quipe f\u00e9d\u00e9rateur. Sur la rang\u00e9e du haut : Margaux Turbat, Naomi Cayrac, Pauline Magr\u00e9, El\u00e9a Cahuet, Lucille Pomi\u00e8s et Elisa Descorps. Et sur la rang\u00e9e du bas : Manon Chauveau, Cyrine Bedjaoui, Julie Morcel et Charlotte P\u00e9t\u00e9. Mandat 2023-2024 Chaque ann\u00e9e scolaire, un nouveau mandat est s\u00e9lectionn\u00e9, form\u00e9 et mis en place par le pr\u00e9c\u00e9dent \u00e0 partir du mois de mai. Pour 2023-2024, Sur la rang\u00e9e du haut : L\u00e9a Jaud, Camille Breuzin, Josselin Peuto, Victor Granet-Ant\u00f3n, J\u00e9r\u00e9mie G\u00e9labale, Julie Morcel, Romane Espasa et Faustine Briseux-Loire. Et sur la rang\u00e9e du bas : Baptiste Lourenco, Louna Sarmiento, M\u00e9lissa Guyot, Zo\u00e9 Claireaux et Pauline Terrien. Mandat 2024-2025 Pour 2024-2025, Sur la rang\u00e9e du haut : Simon Layen, Julie Gouget, Ana\u00efs Mouy, Tom David, Rajiv Ignace, Jules Monteleone. Et sur la rang\u00e9e du bas : Mathilde Ribes, Xinyi Jaw, Laura Sirot, Laly Meally, Myriam Ahaddouch, Lynn El Hage, Camille Belliard. Ils ont \u00e9t\u00e9 rejoints plus tard par Gabin Stablo et Alix Tomljanovic. \u00a0 Mandat 2025-2026 Pour 2025-2026, Sur la rang\u00e9e du haut : Lucy Dubosc, Coline B\u00e9ziat, L\u00e9a Benabid, Ania Massol,\u00a0 Elias Matar, Julie Rondeau et\u00a0 Kheira Zegrir . Et sur la rang\u00e9e du bas : M\u00e9lodie Saraiva Bardisbarian, Candice Faure, Rodrigo Gomez Herrera, Mathilde Paolozzi et M\u00e9lissa Grandpeyre. Ils ont \u00e9t\u00e9 rejoints plus tard par Laforie Baptiste \u00a0 \u00a0 \u00a0<\/p>\n","protected":false},"author":1,"featured_media":0,"parent":0,"menu_order":0,"comment_status":"closed","ping_status":"closed","template":"","meta":{"_editorskit_title_hidden":false,"_editorskit_reading_time":0,"_editorskit_is_block_options_detached":false,"_editorskit_block_options_position":"{}","_monsterinsights_skip_tracking":false,"_monsterinsights_sitenote_active":false,"_monsterinsights_sitenote_note":"","_monsterinsights_sitenote_category":0,"_uf_show_specific_survey":0,"_uf_disable_surveys":false,"site-sidebar-layout":"default","site-content-layout":"","ast-site-content-layout":"default","site-content-style":"default","site-sidebar-style":"default","ast-global-header-display":"","ast-banner-title-visibility":"","ast-main-header-display":"","ast-hfb-above-header-display":"","ast-hfb-below-header-display":"","ast-hfb-mobile-header-display":"","site-post-title":"disabled","ast-breadcrumbs-content":"","ast-featured-img":"","footer-sml-layout":"","ast-disable-related-posts":"","theme-transparent-header-meta":"","adv-header-id-meta":"","stick-header-meta":"","header-above-stick-meta":"","header-main-stick-meta":"","header-below-stick-meta":"","astra-migrate-meta-layouts":"set","ast-page-background-enabled":"default","ast-page-background-meta":{"desktop":{"background-color":"var(--ast-global-color-4)","background-image":"","background-repeat":"repeat","background-position":"center center","background-size":"auto","background-attachment":"scroll","background-type":"","background-media":"","overlay-type":"","overlay-color":"","overlay-opacity":"","overlay-gradient":""},"tablet":{"background-color":"","background-image":"","background-repeat":"repeat","background-position":"center center","background-size":"auto","background-attachment":"scroll","background-type":"","background-media":"","overlay-type":"","overlay-color":"","overlay-opacity":"","overlay-gradient":""},"mobile":{"background-color":"","background-image":"","background-repeat":"repeat","background-position":"center center","background-size":"auto","background-attachment":"scroll","background-type":"","background-media":"","overlay-type":"","overlay-color":"","overlay-opacity":"","overlay-gradient":""}},"ast-content-background-meta":{"desktop":{"background-color":"var(--ast-global-color-5)","background-image":"","background-repeat":"repeat","background-position":"center center","background-size":"auto","background-attachment":"scroll","background-type":"","background-media":"","overlay-type":"","overlay-color":"","overlay-opacity":"","overlay-gradient":""},"tablet":{"background-color":"var(--ast-global-color-5)","background-image":"","background-repeat":"repeat","background-position":"center center","background-size":"auto","background-attachment":"scroll","background-type":"","background-media":"","overlay-type":"","overlay-color":"","overlay-opacity":"","overlay-gradient":""},"mobile":{"background-color":"var(--ast-global-color-5)","background-image":"","background-repeat":"repeat","background-position":"center center","background-size":"auto","background-attachment":"scroll","background-type":"","background-media":"","overlay-type":"","overlay-color":"","overlay-opacity":"","overlay-gradient":""}},"footnotes":""},"class_list":["post-189","page","type-page","status-publish","hentry"],"_links":{"self":[{"href":"https:\/\/biotechbordeauxetudes.fr\/index.php\/wp-json\/wp\/v2\/pages\/189","targetHints":{"allow":["GET"]}}],"collection":[{"href":"https:\/\/biotechbordeauxetudes.fr\/index.php\/wp-json\/wp\/v2\/pages"}],"about":[{"href":"https:\/\/biotechbordeauxetudes.fr\/index.php\/wp-json\/wp\/v2\/types\/page"}],"author":[{"embeddable":true,"href":"https:\/\/biotechbordeauxetudes.fr\/index.php\/wp-json\/wp\/v2\/users\/1"}],"replies":[{"embeddable":true,"href":"https:\/\/biotechbordeauxetudes.fr\/index.php\/wp-json\/wp\/v2\/comments?post=189"}],"version-history":[{"count":41,"href":"https:\/\/biotechbordeauxetudes.fr\/index.php\/wp-json\/wp\/v2\/pages\/189\/revisions"}],"predecessor-version":[{"id":3364,"href":"https:\/\/biotechbordeauxetudes.fr\/index.php\/wp-json\/wp\/v2\/pages\/189\/revisions\/3364"}],"wp:attachment":[{"href":"https:\/\/biotechbordeauxetudes.fr\/index.php\/wp-json\/wp\/v2\/media?parent=189"}],"curies":[{"name":"wp","href":"https:\/\/api.w.org\/{rel}","templated":true}]}}