{"id":1893,"date":"2025-02-25T21:49:51","date_gmt":"2025-02-25T21:49:51","guid":{"rendered":"https:\/\/biotechbordeauxetudes.fr\/?page_id=1893"},"modified":"2025-11-03T18:51:41","modified_gmt":"2025-11-03T18:51:41","slug":"formulaire-exercice-droits","status":"publish","type":"page","link":"https:\/\/biotechbordeauxetudes.fr\/index.php\/formulaire-exercice-droits\/","title":{"rendered":"Formulaire d&rsquo;exercice des droits sur les donn\u00e9es personnelles"},"content":{"rendered":"\t\t<div data-elementor-type=\"wp-page\" data-elementor-id=\"1893\" class=\"elementor elementor-1893\">\n\t\t\t\t<div class=\"elementor-element elementor-element-d99b47e e-flex e-con-boxed wpr-particle-no wpr-jarallax-no wpr-parallax-no wpr-sticky-section-no wpr-column-slider-no wpr-equal-height-no e-con e-parent\" data-id=\"d99b47e\" data-element_type=\"container\" data-e-type=\"container\">\n\t\t\t\t\t<div class=\"e-con-inner\">\n\t\t\t\t<div class=\"elementor-element elementor-element-0c813c5 elementor-widget elementor-widget-spacer\" data-id=\"0c813c5\" data-element_type=\"widget\" data-e-type=\"widget\" data-widget_type=\"spacer.default\">\n\t\t\t\t<div class=\"elementor-widget-container\">\n\t\t\t\t\t\t\t<div class=\"elementor-spacer\">\n\t\t\t<div class=\"elementor-spacer-inner\"><\/div>\n\t\t<\/div>\n\t\t\t\t\t\t<\/div>\n\t\t\t\t<\/div>\n\t\t\t\t\t<\/div>\n\t\t\t\t<\/div>\n\t\t<div class=\"elementor-element elementor-element-fdd24a0 e-flex e-con-boxed wpr-particle-no wpr-jarallax-no wpr-parallax-no wpr-sticky-section-no wpr-column-slider-no wpr-equal-height-no e-con e-parent\" data-id=\"fdd24a0\" data-element_type=\"container\" data-e-type=\"container\" data-settings=\"{&quot;background_background&quot;:&quot;classic&quot;}\">\n\t\t\t\t\t<div class=\"e-con-inner\">\n\t\t\t\t<div class=\"elementor-element elementor-element-78e75c5 elementor-widget elementor-widget-heading\" data-id=\"78e75c5\" data-element_type=\"widget\" data-e-type=\"widget\" data-widget_type=\"heading.default\">\n\t\t\t\t<div class=\"elementor-widget-container\">\n\t\t\t\t\t<h2 class=\"elementor-heading-title elementor-size-default\">Formulaire d'exercice des droits sur les donn\u00e9es personnelles<\/h2>\t\t\t\t<\/div>\n\t\t\t\t<\/div>\n\t\t\t\t<div class=\"elementor-element elementor-element-bc13cdd elementor-widget elementor-widget-text-editor\" data-id=\"bc13cdd\" data-element_type=\"widget\" data-e-type=\"widget\" data-widget_type=\"text-editor.default\">\n\t\t\t\t<div class=\"elementor-widget-container\">\n\t\t\t\t\t\t\t\t\t<style id=\"wpforms-css-vars-1890\">\n\t\t\t\t#wpforms-1890 {\n\t\t\t\t\n\t\t\t}\n\t\t\t<\/style><div class=\"wpforms-container wpforms-container-full wpforms-render-modern\" id=\"wpforms-1890\"><form id=\"wpforms-form-1890\" class=\"wpforms-validate wpforms-form wpforms-ajax-form\" data-formid=\"1890\" method=\"post\" enctype=\"multipart\/form-data\" action=\"\/index.php\/wp-json\/wp\/v2\/pages\/1893\" data-token=\"10ceb95877b2b259d99f5eb8a3cac0dd\" data-token-time=\"1778416877\"><noscript class=\"wpforms-error-noscript\">Veuillez activer JavaScript dans votre navigateur pour remplir ce formulaire.<\/noscript><div id=\"wpforms-error-noscript\" style=\"display: none;\">Veuillez activer JavaScript dans votre navigateur pour remplir ce formulaire.<\/div><div class=\"wpforms-field-container\"><div id=\"wpforms-1890-field_4-container\" class=\"wpforms-field wpforms-field-name\" data-field-id=\"4\"><fieldset><legend class=\"wpforms-field-label\">Identit\u00e9 du demandeur <span class=\"wpforms-required-label\" aria-hidden=\"true\">*<\/span><\/legend><div class=\"wpforms-field-row wpforms-field-medium\"><div class=\"wpforms-field-row-block wpforms-first wpforms-one-half\"><input type=\"text\" id=\"wpforms-1890-field_4\" class=\"wpforms-field-name-first wpforms-field-required\" name=\"wpforms[fields][4][first]\" aria-errormessage=\"wpforms-1890-field_4-error\" required><label for=\"wpforms-1890-field_4\" class=\"wpforms-field-sublabel after\">Pr\u00e9nom<\/label><\/div><div class=\"wpforms-field-row-block wpforms-one-half\"><input type=\"text\" id=\"wpforms-1890-field_4-last\" class=\"wpforms-field-name-last wpforms-field-required\" name=\"wpforms[fields][4][last]\" aria-errormessage=\"wpforms-1890-field_4-last-error\" required><label for=\"wpforms-1890-field_4-last\" class=\"wpforms-field-sublabel after\">Nom<\/label><\/div><\/div><\/fieldset><\/div><div id=\"wpforms-1890-field_1-container\" class=\"wpforms-field wpforms-field-email\" data-field-id=\"1\"><label class=\"wpforms-field-label\" for=\"wpforms-1890-field_1\">Adresse E-mail <span class=\"wpforms-required-label\" aria-hidden=\"true\">*<\/span><\/label><input type=\"email\" id=\"wpforms-1890-field_1\" class=\"wpforms-field-medium wpforms-field-required\" name=\"wpforms[fields][1]\" spellcheck=\"false\" aria-errormessage=\"wpforms-1890-field_1-error\" required><\/div><div id=\"wpforms-1890-field_12-container\" class=\"wpforms-field wpforms-field-textarea\" data-field-id=\"12\"><label class=\"wpforms-field-label\" for=\"wpforms-1890-field_12\">Num\u00e9ro de t\u00e9l\u00e9phone<\/label><textarea id=\"wpforms-1890-field_12\" class=\"wpforms-field-medium\" name=\"wpforms[fields][12]\" aria-errormessage=\"wpforms-1890-field_12-error\" ><\/textarea><\/div><div id=\"wpforms-1890-field_5-container\" class=\"wpforms-field wpforms-field-radio\" data-field-id=\"5\"><fieldset><legend class=\"wpforms-field-label\">Profil <span class=\"wpforms-required-label\" aria-hidden=\"true\">*<\/span><\/legend><ul id=\"wpforms-1890-field_5\" class=\"wpforms-field-required\"><li class=\"choice-1 depth-1\"><input type=\"radio\" id=\"wpforms-1890-field_5_1\" name=\"wpforms[fields][5]\" value=\"Administrateur\" aria-errormessage=\"wpforms-1890-field_5_1-error\" required ><label class=\"wpforms-field-label-inline\" for=\"wpforms-1890-field_5_1\">Administrateur<\/label><\/li><li class=\"choice-2 depth-1\"><input type=\"radio\" id=\"wpforms-1890-field_5_2\" name=\"wpforms[fields][5]\" value=\"Intervenant\" aria-errormessage=\"wpforms-1890-field_5_2-error\" required ><label class=\"wpforms-field-label-inline\" for=\"wpforms-1890-field_5_2\">Intervenant<\/label><\/li><li class=\"choice-3 depth-1\"><input type=\"radio\" id=\"wpforms-1890-field_5_3\" name=\"wpforms[fields][5]\" value=\"Client\" aria-errormessage=\"wpforms-1890-field_5_3-error\" required ><label class=\"wpforms-field-label-inline\" for=\"wpforms-1890-field_5_3\">Client<\/label><\/li><li class=\"choice-5 depth-1\"><input type=\"radio\" id=\"wpforms-1890-field_5_5\" name=\"wpforms[fields][5]\" value=\"Alumni\" aria-errormessage=\"wpforms-1890-field_5_5-error\" required ><label class=\"wpforms-field-label-inline\" for=\"wpforms-1890-field_5_5\">Alumni<\/label><\/li><li class=\"choice-4 depth-1\"><input type=\"radio\" id=\"wpforms-1890-field_5_4\" name=\"wpforms[fields][5]\" value=\"Autre\" aria-errormessage=\"wpforms-1890-field_5_4-error\" required ><label class=\"wpforms-field-label-inline\" for=\"wpforms-1890-field_5_4\">Autre<\/label><\/li><\/ul><\/fieldset><\/div><div id=\"wpforms-1890-field_7-container\" class=\"wpforms-field wpforms-field-checkbox\" data-field-id=\"7\"><fieldset><legend class=\"wpforms-field-label\">Droit(s) \u00e0 exercer <span class=\"wpforms-required-label\" aria-hidden=\"true\">*<\/span><\/legend><ul id=\"wpforms-1890-field_7\" class=\"wpforms-field-required\"><li class=\"choice-1 depth-1\"><input type=\"checkbox\" id=\"wpforms-1890-field_7_1\" name=\"wpforms[fields][7][]\" value=\"Acc\u00e8s \u00e0 mes donn\u00e9es personnelles\" aria-errormessage=\"wpforms-1890-field_7_1-error\" required ><label class=\"wpforms-field-label-inline\" for=\"wpforms-1890-field_7_1\">Acc\u00e8s \u00e0 mes donn\u00e9es personnelles<\/label><\/li><li class=\"choice-2 depth-1\"><input type=\"checkbox\" id=\"wpforms-1890-field_7_2\" name=\"wpforms[fields][7][]\" value=\"Rectification de mes donn\u00e9es personnelles\" aria-errormessage=\"wpforms-1890-field_7_2-error\" required ><label class=\"wpforms-field-label-inline\" for=\"wpforms-1890-field_7_2\">Rectification de mes donn\u00e9es personnelles<\/label><\/li><li class=\"choice-3 depth-1\"><input type=\"checkbox\" id=\"wpforms-1890-field_7_3\" name=\"wpforms[fields][7][]\" value=\"Effacement de mes donn\u00e9es personnelles\" aria-errormessage=\"wpforms-1890-field_7_3-error\" required ><label class=\"wpforms-field-label-inline\" for=\"wpforms-1890-field_7_3\">Effacement de mes donn\u00e9es personnelles<\/label><\/li><li class=\"choice-4 depth-1\"><input type=\"checkbox\" id=\"wpforms-1890-field_7_4\" name=\"wpforms[fields][7][]\" value=\"Portabilit\u00e9 de mes donn\u00e9es personnelles\" aria-errormessage=\"wpforms-1890-field_7_4-error\" required ><label class=\"wpforms-field-label-inline\" for=\"wpforms-1890-field_7_4\">Portabilit\u00e9 de mes donn\u00e9es personnelles<\/label><\/li><li class=\"choice-5 depth-1\"><input type=\"checkbox\" id=\"wpforms-1890-field_7_5\" name=\"wpforms[fields][7][]\" value=\"Opposition \u00e0 mes donn\u00e9es personelles\" aria-errormessage=\"wpforms-1890-field_7_5-error\" required ><label class=\"wpforms-field-label-inline\" for=\"wpforms-1890-field_7_5\">Opposition \u00e0 mes donn\u00e9es personelles<\/label><\/li><\/ul><\/fieldset><\/div><div id=\"wpforms-1890-field_10-container\" class=\"wpforms-field wpforms-field-textarea\" data-field-id=\"10\"><label class=\"wpforms-field-label\" for=\"wpforms-1890-field_10\">Veuillez indiquer les informations que vous souhaitez rectifier\/effacer. Afin d\u2019\u00e9tudier votre demande, veuillez renseigner les motifs l\u00e9gitimes permettant de justifier votre opposition.<\/label><textarea id=\"wpforms-1890-field_10\" class=\"wpforms-field-medium\" name=\"wpforms[fields][10]\" aria-errormessage=\"wpforms-1890-field_10-error\" ><\/textarea><\/div>\t\t<div id=\"wpforms-1890-field_2-container\"\n\t\t\tclass=\"wpforms-field wpforms-field-text\"\n\t\t\tdata-field-type=\"text\"\n\t\t\tdata-field-id=\"2\"\n\t\t\t>\n\t\t\t<label class=\"wpforms-field-label\" for=\"wpforms-1890-field_2\" >motifs rectifier\/effacer. La<\/label>\n\t\t\t<input type=\"text\" id=\"wpforms-1890-field_2\" class=\"wpforms-field-medium\" name=\"wpforms[fields][2]\" >\n\t\t<\/div>\n\t\t<div id=\"wpforms-1890-field_11-container\" class=\"wpforms-field wpforms-field-payment-single\" data-field-id=\"11\"><label class=\"wpforms-field-label\">La r\u00e9ponse \u00e0 votre demande vous parviendra dans les meilleurs d\u00e9lais par courriel \u00e9lectronique.<\/label><div class=\"wpforms-single-item-price-content\"><div class=\"wpforms-single-item-price wpforms-field-medium wpforms-payment-price\">Les donn\u00e9es personnelles recueillies dans ce formulaire seront trait\u00e9es par le responsable de traitement, pour r\u00e9pondre \u00e0 votre demande d\u2019exercice d\u2019un droit sur le fondement de nos obligations l\u00e9gales et r\u00e9glementaires. Pour des raisons de s\u00e9curit\u00e9 et de confidentialit\u00e9, nous ne communiquons pas vos informations personnelles non chiffr\u00e9es \u00e0 travers des messageries \u00e9lectroniques publiques.<\/div><\/div><input type=\"hidden\" id=\"wpforms-1890-field_11\" class=\"wpforms-field-medium wpforms-payment-price\" name=\"wpforms[fields][11]\" value=\"&#036;3.00\"><\/div><script>\n\t\t\t\t( function() {\n\t\t\t\t\tconst style = document.createElement( 'style' );\n\t\t\t\t\tstyle.appendChild( document.createTextNode( '#wpforms-1890-field_2-container { position: absolute !important; overflow: hidden !important; display: inline !important; height: 1px !important; width: 1px !important; z-index: -1000 !important; padding: 0 !important; } #wpforms-1890-field_2-container input { visibility: hidden; } #wpforms-conversational-form-page #wpforms-1890-field_2-container label { counter-increment: none; }' ) );\n\t\t\t\t\tdocument.head.appendChild( style );\n\t\t\t\t\tdocument.currentScript?.remove();\n\t\t\t\t} )();\n\t\t\t<\/script><\/div><!-- .wpforms-field-container --><div class=\"wpforms-submit-container\" ><input type=\"hidden\" name=\"wpforms[id]\" value=\"1890\"><input type=\"hidden\" name=\"page_title\" value=\"\"><input type=\"hidden\" name=\"page_url\" value=\"https:\/\/biotechbordeauxetudes.fr\/index.php\/wp-json\/wp\/v2\/pages\/1893\"><input type=\"hidden\" name=\"url_referer\" value=\"\"><button type=\"submit\" name=\"wpforms[submit]\" id=\"wpforms-submit-1890\" class=\"wpforms-submit\" data-alt-text=\"En cours...\" data-submit-text=\"Soumettre\" aria-live=\"assertive\" value=\"wpforms-submit\">Soumettre<\/button><img loading=\"lazy\" decoding=\"async\" src=\"https:\/\/biotechbordeauxetudes.fr\/wp-content\/plugins\/wpforms-lite\/assets\/images\/submit-spin.svg\" class=\"wpforms-submit-spinner\" style=\"display: none;\" width=\"26\" height=\"26\" alt=\"Chargement en cours\"><\/div><\/form><\/div>  <!-- .wpforms-container -->\t\t\t\t\t\t\t\t<\/div>\n\t\t\t\t<\/div>\n\t\t\t\t\t<\/div>\n\t\t\t\t<\/div>\n\t\t<div class=\"elementor-element elementor-element-c82d2ab e-flex e-con-boxed wpr-particle-no wpr-jarallax-no wpr-parallax-no wpr-sticky-section-no wpr-column-slider-no wpr-equal-height-no e-con e-parent\" data-id=\"c82d2ab\" data-element_type=\"container\" data-e-type=\"container\">\n\t\t\t\t\t<div class=\"e-con-inner\">\n\t\t\t\t<div class=\"elementor-element elementor-element-8b91447 elementor-widget elementor-widget-text-editor\" data-id=\"8b91447\" data-element_type=\"widget\" data-e-type=\"widget\" data-widget_type=\"text-editor.default\">\n\t\t\t\t<div class=\"elementor-widget-container\">\n\t\t\t\t\t\t\t\t\t<p>Vous pouvez exercer les droits list\u00e9s ci-dessus, en vous rapprochant d\u2019un<br \/>responsable RGPD ou par un courrier adress\u00e9 \u00e0 :<\/p><p>BIOTECH BORDEAUX \u00c9TUDES<br \/>146 RUE LEO SAIGNAT<br \/>33000 BORDEAUX<br \/>FRANCE<\/p>\t\t\t\t\t\t\t\t<\/div>\n\t\t\t\t<\/div>\n\t\t\t\t\t<\/div>\n\t\t\t\t<\/div>\n\t\t\t\t<\/div>\n\t\t","protected":false},"excerpt":{"rendered":"<p>Formulaire d&rsquo;exercice des droits sur les donn\u00e9es personnelles Vous pouvez exercer les droits list\u00e9s ci-dessus, en vous rapprochant d\u2019unresponsable RGPD ou par un courrier adress\u00e9 \u00e0 : BIOTECH BORDEAUX \u00c9TUDES146 RUE LEO SAIGNAT33000 BORDEAUXFRANCE<\/p>\n","protected":false},"author":1,"featured_media":0,"parent":0,"menu_order":0,"comment_status":"closed","ping_status":"closed","template":"","meta":{"_editorskit_title_hidden":false,"_editorskit_reading_time":0,"_editorskit_is_block_options_detached":false,"_editorskit_block_options_position":"{}","_monsterinsights_skip_tracking":false,"_monsterinsights_sitenote_active":false,"_monsterinsights_sitenote_note":"","_monsterinsights_sitenote_category":0,"_uf_show_specific_survey":0,"_uf_disable_surveys":false,"site-sidebar-layout":"no-sidebar","site-content-layout":"page-builder","ast-site-content-layout":"full-width-container","site-content-style":"default","site-sidebar-style":"default","ast-global-header-display":"","ast-banner-title-visibility":"","ast-main-header-display":"","ast-hfb-above-header-display":"","ast-hfb-below-header-display":"","ast-hfb-mobile-header-display":"","site-post-title":"disabled","ast-breadcrumbs-content":"","ast-featured-img":"disabled","footer-sml-layout":"","ast-disable-related-posts":"","theme-transparent-header-meta":"","adv-header-id-meta":"","stick-header-meta":"","header-above-stick-meta":"","header-main-stick-meta":"","header-below-stick-meta":"","astra-migrate-meta-layouts":"set","ast-page-background-enabled":"default","ast-page-background-meta":{"desktop":{"background-color":"var(--ast-global-color-4)","background-image":"","background-repeat":"repeat","background-position":"center center","background-size":"auto","background-attachment":"scroll","background-type":"","background-media":"","overlay-type":"","overlay-color":"","overlay-opacity":"","overlay-gradient":""},"tablet":{"background-color":"","background-image":"","background-repeat":"repeat","background-position":"center center","background-size":"auto","background-attachment":"scroll","background-type":"","background-media":"","overlay-type":"","overlay-color":"","overlay-opacity":"","overlay-gradient":""},"mobile":{"background-color":"","background-image":"","background-repeat":"repeat","background-position":"center center","background-size":"auto","background-attachment":"scroll","background-type":"","background-media":"","overlay-type":"","overlay-color":"","overlay-opacity":"","overlay-gradient":""}},"ast-content-background-meta":{"desktop":{"background-color":"var(--ast-global-color-5)","background-image":"","background-repeat":"repeat","background-position":"center center","background-size":"auto","background-attachment":"scroll","background-type":"","background-media":"","overlay-type":"","overlay-color":"","overlay-opacity":"","overlay-gradient":""},"tablet":{"background-color":"var(--ast-global-color-5)","background-image":"","background-repeat":"repeat","background-position":"center center","background-size":"auto","background-attachment":"scroll","background-type":"","background-media":"","overlay-type":"","overlay-color":"","overlay-opacity":"","overlay-gradient":""},"mobile":{"background-color":"var(--ast-global-color-5)","background-image":"","background-repeat":"repeat","background-position":"center center","background-size":"auto","background-attachment":"scroll","background-type":"","background-media":"","overlay-type":"","overlay-color":"","overlay-opacity":"","overlay-gradient":""}},"footnotes":""},"class_list":["post-1893","page","type-page","status-publish","hentry"],"_links":{"self":[{"href":"https:\/\/biotechbordeauxetudes.fr\/index.php\/wp-json\/wp\/v2\/pages\/1893","targetHints":{"allow":["GET"]}}],"collection":[{"href":"https:\/\/biotechbordeauxetudes.fr\/index.php\/wp-json\/wp\/v2\/pages"}],"about":[{"href":"https:\/\/biotechbordeauxetudes.fr\/index.php\/wp-json\/wp\/v2\/types\/page"}],"author":[{"embeddable":true,"href":"https:\/\/biotechbordeauxetudes.fr\/index.php\/wp-json\/wp\/v2\/users\/1"}],"replies":[{"embeddable":true,"href":"https:\/\/biotechbordeauxetudes.fr\/index.php\/wp-json\/wp\/v2\/comments?post=1893"}],"version-history":[{"count":19,"href":"https:\/\/biotechbordeauxetudes.fr\/index.php\/wp-json\/wp\/v2\/pages\/1893\/revisions"}],"predecessor-version":[{"id":2015,"href":"https:\/\/biotechbordeauxetudes.fr\/index.php\/wp-json\/wp\/v2\/pages\/1893\/revisions\/2015"}],"wp:attachment":[{"href":"https:\/\/biotechbordeauxetudes.fr\/index.php\/wp-json\/wp\/v2\/media?parent=1893"}],"curies":[{"name":"wp","href":"https:\/\/api.w.org\/{rel}","templated":true}]}}