{"id":223,"date":"2023-10-08T14:27:01","date_gmt":"2023-10-08T14:27:01","guid":{"rendered":"https:\/\/biotechbordeauxetudes.fr\/?page_id=223"},"modified":"2026-03-24T22:19:04","modified_gmt":"2026-03-24T22:19:04","slug":"lambitieuse","status":"publish","type":"page","link":"https:\/\/biotechbordeauxetudes.fr\/index.php\/lambitieuse\/","title":{"rendered":"L&rsquo;Ambitieuse"},"content":{"rendered":"\t\t<div data-elementor-type=\"wp-page\" data-elementor-id=\"223\" class=\"elementor elementor-223\">\n\t\t\t\t\t\t<section class=\"elementor-section elementor-top-section elementor-element elementor-element-1a1e8d560 elementor-section-boxed elementor-section-height-default elementor-section-height-default wpr-particle-no wpr-jarallax-no wpr-parallax-no wpr-sticky-section-no wpr-column-slider-no wpr-equal-height-no\" data-id=\"1a1e8d560\" data-element_type=\"section\" data-e-type=\"section\">\n\t\t\t\t\t\t<div class=\"elementor-container elementor-column-gap-default\">\n\t\t\t\t\t<div class=\"elementor-column elementor-col-100 elementor-top-column elementor-element elementor-element-2ffb64a5\" data-id=\"2ffb64a5\" data-element_type=\"column\" data-e-type=\"column\">\n\t\t\t<div class=\"elementor-widget-wrap elementor-element-populated\">\n\t\t\t\t\t\t<div class=\"elementor-element elementor-element-d1c2a9f elementor-widget elementor-widget-heading\" data-id=\"d1c2a9f\" data-element_type=\"widget\" data-e-type=\"widget\" data-widget_type=\"heading.default\">\n\t\t\t\t<div class=\"elementor-widget-container\">\n\t\t\t\t\t<h1 class=\"elementor-heading-title elementor-size-default\">L'Ambitieuse<\/h1>\t\t\t\t<\/div>\n\t\t\t\t<\/div>\n\t\t\t\t<div class=\"elementor-element elementor-element-aac753e elementor-widget elementor-widget-text-editor\" data-id=\"aac753e\" data-element_type=\"widget\" data-e-type=\"widget\" data-widget_type=\"text-editor.default\">\n\t\t\t\t<div class=\"elementor-widget-container\">\n\t\t\t\t\t\t\t\t\t<p>D\u00e9couvrez <strong><span class=\"custom-green\">\u00abL&rsquo;Ambitieuse\u00bb<\/span><\/strong>, notre newsletter semestrielle qui vous informe sur les derni\u00e8res nouveaut\u00e9s et \u00e9v\u00e9nements marquants de notre Junior-Initiative.<\/p>\t\t\t\t\t\t\t\t<\/div>\n\t\t\t\t<\/div>\n\t\t\t\t<div class=\"elementor-element elementor-element-3cdeea6d wpr-grid-columns-1 wpr-grid-columns--tablet1 wpr-grid-columns--mobile1 wpr-grid-pagination-center wpr-item-styles-inner elementor-widget elementor-widget-wpr-grid\" data-id=\"3cdeea6d\" data-element_type=\"widget\" data-e-type=\"widget\" data-widget_type=\"wpr-grid.default\">\n\t\t\t\t<div class=\"elementor-widget-container\">\n\t\t\t\t\t<ul class=\"wpr-grid-filters elementor-clearfix wpr-grid-filters-sep-right\"><li class=\" wpr-pointer-none wpr-pointer-line-fx wpr-pointer-fx-none\"><span  data-filter=\"*\" class=\"wpr-grid-filters-item wpr-active-filter \">All<\/span><em class=\"wpr-grid-filters-sep\"><\/em><\/li><li class=\" wpr-pointer-none wpr-pointer-line-fx wpr-pointer-fx-none\"><span   data-ajax-filter=[\"category\",\"newsletter\"]  data-filter=\".category-newsletter\">Newsletter<\/span><em class=\"wpr-grid-filters-sep\"><\/em><\/li><\/ul><section class=\"wpr-grid elementor-clearfix\" data-settings=\"{&quot;layout&quot;:&quot;list&quot;,&quot;stick_last_element_to_bottom&quot;:&quot;no&quot;,&quot;columns_desktop&quot;:1,&quot;gutter_hr&quot;:18,&quot;gutter_hr_mobile&quot;:18,&quot;gutter_hr_mobile_extra&quot;:18,&quot;gutter_hr_tablet&quot;:18,&quot;gutter_hr_tablet_extra&quot;:18,&quot;gutter_hr_laptop&quot;:18,&quot;gutter_hr_widescreen&quot;:18,&quot;gutter_vr&quot;:50,&quot;gutter_vr_mobile&quot;:50,&quot;gutter_vr_mobile_extra&quot;:50,&quot;gutter_vr_tablet&quot;:50,&quot;gutter_vr_tablet_extra&quot;:50,&quot;gutter_vr_laptop&quot;:50,&quot;gutter_vr_widescreen&quot;:50,&quot;animation&quot;:&quot;default&quot;,&quot;animation_duration&quot;:0.3,&quot;animation_delay&quot;:0.1,&quot;deeplinking&quot;:&quot;&quot;,&quot;filters_linkable&quot;:&quot;no&quot;,&quot;filters_default_filter&quot;:&quot;&quot;,&quot;filters_count&quot;:&quot;&quot;,&quot;filters_hide_empty&quot;:&quot;yes&quot;,&quot;filters_animation&quot;:&quot;default&quot;,&quot;filters_animation_duration&quot;:0.3,&quot;filters_animation_delay&quot;:0.1,&quot;pagination_type&quot;:&quot;numbered&quot;,&quot;pagination_max_pages&quot;:1,&quot;media_align&quot;:&quot;left&quot;,&quot;media_width&quot;:23,&quot;media_distance&quot;:20,&quot;lightbox&quot;:{&quot;selector&quot;:&quot;.wpr-grid-image-wrap&quot;,&quot;iframeMaxWidth&quot;:&quot;60%&quot;,&quot;hash&quot;:false,&quot;autoplay&quot;:&quot;true&quot;,&quot;pause&quot;:5000,&quot;progressBar&quot;:&quot;true&quot;,&quot;counter&quot;:&quot;true&quot;,&quot;controls&quot;:&quot;true&quot;,&quot;getCaptionFromTitleOrAlt&quot;:&quot;true&quot;,&quot;thumbnail&quot;:&quot;&quot;,&quot;showThumbByDefault&quot;:&quot;&quot;,&quot;share&quot;:&quot;&quot;,&quot;zoom&quot;:&quot;true&quot;,&quot;fullScreen&quot;:&quot;true&quot;,&quot;download&quot;:&quot;true&quot;}}\" data-advanced-filters=\"no\"><article class=\"wpr-grid-item elementor-clearfix post-3217 post type-post status-publish format-standard has-post-thumbnail hentry category-newsletter\"><div class=\"wpr-grid-item-inner\"><div class=\"wpr-grid-media-wrap wpr-effect-size-medium \" data-overlay-link=\"yes\"><div class=\"wpr-grid-image-wrap\" data-src=\"https:\/\/biotechbordeauxetudes.fr\/wp-content\/uploads\/elementor\/thumbs\/IMG_7658-1-scaled-rak5hzeroksbls0m20hcyeaaztixnjy8z6zihdghq0.jpeg\" data-img-on-hover=\"\"  data-src-secondary=\"\"><img decoding=\"async\" data-no-lazy=\"1\" src=\"https:\/\/biotechbordeauxetudes.fr\/wp-content\/uploads\/elementor\/thumbs\/IMG_7658-1-scaled-rak5hzeroksbls0m20hcyeaaztixnjy8z6zihdghq0.jpeg\" alt=\"\u00ab L\u2019AMBITIEUSE \u00bb \u2013 Num\u00e9ro 7\" class=\"wpr-anim-timing-ease-default\"><\/div><div class=\"wpr-grid-media-hover wpr-animation-wrap\"><div class=\"wpr-grid-media-hover-bg  wpr-overlay-fade-in wpr-anim-size-large wpr-anim-timing-ease-default wpr-anim-transparency\" data-url=\"https:\/\/biotechbordeauxetudes.fr\/index.php\/2026\/03\/25\/lambitieuse-numero-7\/\"><\/div><\/div><\/div><div class=\"wpr-grid-item-below-content elementor-clearfix\"><h2 class=\"wpr-grid-item-title elementor-repeater-item-2d29edf wpr-grid-item-display-block wpr-grid-item-align-left wpr-pointer-none wpr-pointer-line-fx wpr-pointer-fx-fade\"><div class=\"inner-block\"><a target=\"_self\"  href=\"https:\/\/biotechbordeauxetudes.fr\/index.php\/2026\/03\/25\/lambitieuse-numero-7\/\">\u00ab L\u2019AMBITIEUSE \u00bb \u2013 Num\u00e9ro 7<\/a><\/div><\/h2><div class=\"wpr-grid-item-date elementor-repeater-item-589fcd9 wpr-grid-item-display-block wpr-grid-item-align-left\"><div class=\"inner-block\"><span>mars 25, 2026<\/span><\/div><\/div><div class=\"wpr-grid-item-excerpt elementor-repeater-item-0025724 wpr-grid-item-display-block wpr-grid-item-align-left\"><div class=\"inner-block\"><p>Dans ce nouveau num\u00e9ro : L&#039;AGP - Afterwork de rentr\u00e9e - Harmon&#039;INP - NETIB - CRASO - Audit - BioTC NA - RFP - Nouvelle \u00c9tude avec Starfish -Journ\u00e9e Portes Ouvertes<\/p><\/div><\/div><div class=\"wpr-grid-item-read-more elementor-repeater-item-716d6c5 wpr-grid-item-display-block wpr-grid-item-align-left\"><div class=\"inner-block\"><a target=\"_self\" href=\"https:\/\/biotechbordeauxetudes.fr\/index.php\/2026\/03\/25\/lambitieuse-numero-7\/\" class=\"wpr-button-effect wpr-button-none\"><span>Lire plus<\/span><\/a><\/div><\/div><\/div><\/div><\/article><article class=\"wpr-grid-item elementor-clearfix post-1703 post type-post status-publish format-standard has-post-thumbnail hentry category-newsletter\"><div class=\"wpr-grid-item-inner\"><div class=\"wpr-grid-media-wrap wpr-effect-size-medium \" data-overlay-link=\"yes\"><div class=\"wpr-grid-image-wrap\" data-src=\"https:\/\/biotechbordeauxetudes.fr\/wp-content\/uploads\/elementor\/thumbs\/IMG_7605-scaled-rkzywrhdghjd7xypvcmcsb657osmzojn0buolwjt88.jpg\" data-img-on-hover=\"\"  data-src-secondary=\"\"><img decoding=\"async\" data-no-lazy=\"1\" src=\"https:\/\/biotechbordeauxetudes.fr\/wp-content\/uploads\/elementor\/thumbs\/IMG_7605-scaled-rkzywrhdghjd7xypvcmcsb657osmzojn0buolwjt88.jpg\" alt=\"\u00ab L\u2019AMBITIEUSE \u00bb \u2013 Num\u00e9ro 6\" class=\"wpr-anim-timing-ease-default\"><\/div><div class=\"wpr-grid-media-hover wpr-animation-wrap\"><div class=\"wpr-grid-media-hover-bg  wpr-overlay-fade-in wpr-anim-size-large wpr-anim-timing-ease-default wpr-anim-transparency\" data-url=\"https:\/\/biotechbordeauxetudes.fr\/index.php\/2025\/02\/17\/lambitieuse-numero-6\/\"><\/div><\/div><\/div><div class=\"wpr-grid-item-below-content elementor-clearfix\"><h2 class=\"wpr-grid-item-title elementor-repeater-item-2d29edf wpr-grid-item-display-block wpr-grid-item-align-left wpr-pointer-none wpr-pointer-line-fx wpr-pointer-fx-fade\"><div class=\"inner-block\"><a target=\"_self\"  href=\"https:\/\/biotechbordeauxetudes.fr\/index.php\/2025\/02\/17\/lambitieuse-numero-6\/\">\u00ab L\u2019AMBITIEUSE \u00bb \u2013 Num\u00e9ro 6<\/a><\/div><\/h2><div class=\"wpr-grid-item-date elementor-repeater-item-589fcd9 wpr-grid-item-display-block wpr-grid-item-align-left\"><div class=\"inner-block\"><span>f\u00e9vrier 17, 2025<\/span><\/div><\/div><div class=\"wpr-grid-item-excerpt elementor-repeater-item-0025724 wpr-grid-item-display-block wpr-grid-item-align-left\"><div class=\"inner-block\"><p>Dans ce nouveau num\u00e9ro : - Nouvelle \u00c9tude avec Starfish - Audit r\u00e9ussi pour 2BE - L&#039;AGP du Congr\u00e8s National d&#039;Hiver - 2e \u00e9dition de Road to PMJE - 2BE s&#039;engage aux c\u00f4t\u00e9s de l&#039;Op\u00e9ration Sakado - Journ\u00e9e Portes Ouvertes<\/p><\/div><\/div><div class=\"wpr-grid-item-read-more elementor-repeater-item-716d6c5 wpr-grid-item-display-block wpr-grid-item-align-left\"><div class=\"inner-block\"><a target=\"_self\" href=\"https:\/\/biotechbordeauxetudes.fr\/index.php\/2025\/02\/17\/lambitieuse-numero-6\/\" class=\"wpr-button-effect wpr-button-none\"><span>Lire plus<\/span><\/a><\/div><\/div><\/div><\/div><\/article><article class=\"wpr-grid-item elementor-clearfix post-982 post type-post status-publish format-standard has-post-thumbnail hentry category-newsletter\"><div class=\"wpr-grid-item-inner\"><div class=\"wpr-grid-media-wrap wpr-effect-size-medium \" data-overlay-link=\"yes\"><div class=\"wpr-grid-image-wrap\" data-src=\"https:\/\/biotechbordeauxetudes.fr\/wp-content\/uploads\/elementor\/thumbs\/photocall-07-scaled-rkzzu4r42r7tdlht0rvkaw18e4bq8v0llhl7xj2oc8.jpg\" data-img-on-hover=\"\"  data-src-secondary=\"\"><img decoding=\"async\" data-no-lazy=\"1\" src=\"https:\/\/biotechbordeauxetudes.fr\/wp-content\/uploads\/elementor\/thumbs\/photocall-07-scaled-rkzzu4r42r7tdlht0rvkaw18e4bq8v0llhl7xj2oc8.jpg\" alt=\"\u00ab L&rsquo;AMBITIEUSE \u00bb &#8211; Num\u00e9ro 5\" class=\"wpr-anim-timing-ease-default\"><\/div><div class=\"wpr-grid-media-hover wpr-animation-wrap\"><div class=\"wpr-grid-media-hover-bg  wpr-overlay-fade-in wpr-anim-size-large wpr-anim-timing-ease-default wpr-anim-transparency\" data-url=\"https:\/\/biotechbordeauxetudes.fr\/index.php\/2024\/11\/13\/982\/\"><\/div><\/div><\/div><div class=\"wpr-grid-item-below-content elementor-clearfix\"><h2 class=\"wpr-grid-item-title elementor-repeater-item-2d29edf wpr-grid-item-display-block wpr-grid-item-align-left wpr-pointer-none wpr-pointer-line-fx wpr-pointer-fx-fade\"><div class=\"inner-block\"><a target=\"_self\"  href=\"https:\/\/biotechbordeauxetudes.fr\/index.php\/2024\/11\/13\/982\/\">\u00ab L&rsquo;AMBITIEUSE \u00bb &#8211; Num\u00e9ro 5<\/a><\/div><\/h2><div class=\"wpr-grid-item-date elementor-repeater-item-589fcd9 wpr-grid-item-display-block wpr-grid-item-align-left\"><div class=\"inner-block\"><span>novembre 13, 2024<\/span><\/div><\/div><div class=\"wpr-grid-item-excerpt elementor-repeater-item-0025724 wpr-grid-item-display-block wpr-grid-item-align-left\"><div class=\"inner-block\"><p>Dans ce nouveau num\u00e9ro : - Rentr\u00e9e bien charg\u00e9e - Assembl\u00e9e g\u00e9n\u00e9rale - Start-Up day - BiotechPeek - Congr\u00e8s R\u00e9gional d&#039;Automne du Sud-Ouest<\/p><\/div><\/div><div class=\"wpr-grid-item-read-more elementor-repeater-item-716d6c5 wpr-grid-item-display-block wpr-grid-item-align-left\"><div class=\"inner-block\"><a target=\"_self\" href=\"https:\/\/biotechbordeauxetudes.fr\/index.php\/2024\/11\/13\/982\/\" class=\"wpr-button-effect wpr-button-none\"><span>Lire plus<\/span><\/a><\/div><\/div><\/div><\/div><\/article><article class=\"wpr-grid-item elementor-clearfix post-514 post type-post status-publish format-standard has-post-thumbnail hentry category-newsletter\"><div class=\"wpr-grid-item-inner\"><div class=\"wpr-grid-media-wrap wpr-effect-size-medium \" data-overlay-link=\"yes\"><div class=\"wpr-grid-image-wrap\" data-src=\"https:\/\/biotechbordeauxetudes.fr\/wp-content\/uploads\/elementor\/thumbs\/2BE2024_photoshoppee-1-e1730919701393-scaled-rak5biaslnx7mhf7v7pvs13zo9fwmm8tf573gr24l4.png\" data-img-on-hover=\"\"  data-src-secondary=\"\"><img decoding=\"async\" data-no-lazy=\"1\" src=\"https:\/\/biotechbordeauxetudes.fr\/wp-content\/uploads\/elementor\/thumbs\/2BE2024_photoshoppee-1-e1730919701393-scaled-rak5biaslnx7mhf7v7pvs13zo9fwmm8tf573gr24l4.png\" alt=\"\u00ab L&rsquo;AMBITIEUSE \u00bb &#8211; Num\u00e9ro 4\" class=\"wpr-anim-timing-ease-default\"><\/div><div class=\"wpr-grid-media-hover wpr-animation-wrap\"><div class=\"wpr-grid-media-hover-bg  wpr-overlay-fade-in wpr-anim-size-large wpr-anim-timing-ease-default wpr-anim-transparency\" data-url=\"https:\/\/biotechbordeauxetudes.fr\/index.php\/2024\/06\/24\/lambitieuse-numero-4\/\"><\/div><\/div><\/div><div class=\"wpr-grid-item-below-content elementor-clearfix\"><h2 class=\"wpr-grid-item-title elementor-repeater-item-2d29edf wpr-grid-item-display-block wpr-grid-item-align-left wpr-pointer-none wpr-pointer-line-fx wpr-pointer-fx-fade\"><div class=\"inner-block\"><a target=\"_self\"  href=\"https:\/\/biotechbordeauxetudes.fr\/index.php\/2024\/06\/24\/lambitieuse-numero-4\/\">\u00ab L&rsquo;AMBITIEUSE \u00bb &#8211; Num\u00e9ro 4<\/a><\/div><\/h2><div class=\"wpr-grid-item-date elementor-repeater-item-589fcd9 wpr-grid-item-display-block wpr-grid-item-align-left\"><div class=\"inner-block\"><span>juin 24, 2024<\/span><\/div><\/div><div class=\"wpr-grid-item-excerpt elementor-repeater-item-0025724 wpr-grid-item-display-block wpr-grid-item-align-left\"><div class=\"inner-block\"><p>Dans ce nouveau num\u00e9ro : - Le nouveau mandat de 2BE prend les commandes - Le partenariat avec l\u2019\u00e9cole - Le Cocktail de Passation - L\u2019Afterwork du nouveau mandat : Sur la piste de nos origines ! - Le Congr\u00e8s National d&#039;\u00c9t\u00e9<\/p><\/div><\/div><div class=\"wpr-grid-item-read-more elementor-repeater-item-716d6c5 wpr-grid-item-display-block wpr-grid-item-align-left\"><div class=\"inner-block\"><a target=\"_self\" href=\"https:\/\/biotechbordeauxetudes.fr\/index.php\/2024\/06\/24\/lambitieuse-numero-4\/\" class=\"wpr-button-effect wpr-button-none\"><span>Lire plus<\/span><\/a><\/div><\/div><\/div><\/div><\/article><article class=\"wpr-grid-item elementor-clearfix post-516 post type-post status-publish format-standard has-post-thumbnail hentry category-newsletter\"><div class=\"wpr-grid-item-inner\"><div class=\"wpr-grid-media-wrap wpr-effect-size-medium \" data-overlay-link=\"yes\"><div class=\"wpr-grid-image-wrap\" data-src=\"https:\/\/biotechbordeauxetudes.fr\/wp-content\/uploads\/elementor\/thumbs\/Screenshot-2024-11-06-201556-qwo7zp79a6gb53uq1q8ggsswnauenq1bx17d52hs54.png\" data-img-on-hover=\"\"  data-src-secondary=\"\"><img decoding=\"async\" data-no-lazy=\"1\" src=\"https:\/\/biotechbordeauxetudes.fr\/wp-content\/uploads\/elementor\/thumbs\/Screenshot-2024-11-06-201556-qwo7zp79a6gb53uq1q8ggsswnauenq1bx17d52hs54.png\" alt=\"\u00ab L&rsquo;AMBITIEUSE \u00bb &#8211; Num\u00e9ro 3\" class=\"wpr-anim-timing-ease-default\"><\/div><div class=\"wpr-grid-media-hover wpr-animation-wrap\"><div class=\"wpr-grid-media-hover-bg  wpr-overlay-fade-in wpr-anim-size-large wpr-anim-timing-ease-default wpr-anim-transparency\" data-url=\"https:\/\/biotechbordeauxetudes.fr\/index.php\/2024\/01\/05\/lambitieuse-numero-3\/\"><\/div><\/div><\/div><div class=\"wpr-grid-item-below-content elementor-clearfix\"><h2 class=\"wpr-grid-item-title elementor-repeater-item-2d29edf wpr-grid-item-display-block wpr-grid-item-align-left wpr-pointer-none wpr-pointer-line-fx wpr-pointer-fx-fade\"><div class=\"inner-block\"><a target=\"_self\"  href=\"https:\/\/biotechbordeauxetudes.fr\/index.php\/2024\/01\/05\/lambitieuse-numero-3\/\">\u00ab L&rsquo;AMBITIEUSE \u00bb &#8211; Num\u00e9ro 3<\/a><\/div><\/h2><div class=\"wpr-grid-item-date elementor-repeater-item-589fcd9 wpr-grid-item-display-block wpr-grid-item-align-left\"><div class=\"inner-block\"><span>janvier 5, 2024<\/span><\/div><\/div><div class=\"wpr-grid-item-excerpt elementor-repeater-item-0025724 wpr-grid-item-display-block wpr-grid-item-align-left\"><div class=\"inner-block\"><p>Dans ce nouveau num\u00e9ro : - Le processus de recrutement du nouveau mandat est bien en marche - Le suivi de l&#039;avanc\u00e9e de chaque p\u00f4le - Passage de marque Junior-Initiative -Une deuxi\u00e8me \u00c9tude termin\u00e9e avec succ\u00e8s<\/p><\/div><\/div><div class=\"wpr-grid-item-read-more elementor-repeater-item-716d6c5 wpr-grid-item-display-block wpr-grid-item-align-left\"><div class=\"inner-block\"><a target=\"_self\" href=\"https:\/\/biotechbordeauxetudes.fr\/index.php\/2024\/01\/05\/lambitieuse-numero-3\/\" class=\"wpr-button-effect wpr-button-none\"><span>Lire plus<\/span><\/a><\/div><\/div><\/div><\/div><\/article><article class=\"wpr-grid-item elementor-clearfix post-62 post type-post status-publish format-standard has-post-thumbnail hentry category-newsletter\"><div class=\"wpr-grid-item-inner\"><div class=\"wpr-grid-media-wrap wpr-effect-size-medium \" data-overlay-link=\"yes\"><div class=\"wpr-grid-image-wrap\" data-src=\"https:\/\/biotechbordeauxetudes.fr\/wp-content\/uploads\/elementor\/thumbs\/Mandat-23-24-1-scaled-rak5aa4dog8qgt7e16mf0u9br5hnkudfl2j9wqvmpk.jpg\" data-img-on-hover=\"\"  data-src-secondary=\"\"><img decoding=\"async\" data-no-lazy=\"1\" src=\"https:\/\/biotechbordeauxetudes.fr\/wp-content\/uploads\/elementor\/thumbs\/Mandat-23-24-1-scaled-rak5aa4dog8qgt7e16mf0u9br5hnkudfl2j9wqvmpk.jpg\" alt=\"\u00ab L&rsquo;AMBITIEUSE \u00bb &#8211; Num\u00e9ro 2\" class=\"wpr-anim-timing-ease-default\"><\/div><div class=\"wpr-grid-media-hover wpr-animation-wrap\"><div class=\"wpr-grid-media-hover-bg  wpr-overlay-fade-in wpr-anim-size-large wpr-anim-timing-ease-default wpr-anim-transparency\" data-url=\"https:\/\/biotechbordeauxetudes.fr\/index.php\/2023\/09\/01\/2eme-numero-de-lambitieuse\/\"><\/div><\/div><\/div><div class=\"wpr-grid-item-below-content elementor-clearfix\"><h2 class=\"wpr-grid-item-title elementor-repeater-item-2d29edf wpr-grid-item-display-block wpr-grid-item-align-left wpr-pointer-none wpr-pointer-line-fx wpr-pointer-fx-fade\"><div class=\"inner-block\"><a target=\"_self\"  href=\"https:\/\/biotechbordeauxetudes.fr\/index.php\/2023\/09\/01\/2eme-numero-de-lambitieuse\/\">\u00ab L&rsquo;AMBITIEUSE \u00bb &#8211; Num\u00e9ro 2<\/a><\/div><\/h2><div class=\"wpr-grid-item-date elementor-repeater-item-589fcd9 wpr-grid-item-display-block wpr-grid-item-align-left\"><div class=\"inner-block\"><span>septembre 1, 2023<\/span><\/div><\/div><div class=\"wpr-grid-item-excerpt elementor-repeater-item-0025724 wpr-grid-item-display-block wpr-grid-item-align-left\"><div class=\"inner-block\"><p>Dans ce nouveau num\u00e9ro : - Une premi\u00e8re \u00c9tude finie avec succ\u00e8s, une nouvelle d\u00e9j\u00e0 lanc\u00e9e - Avanc\u00e9es estivales de chaque p\u00f4le - Organisation du NETIB 2023 - Pr\u00e9paration de l\u2019accueil des nouveaux TBBiens<\/p><\/div><\/div><div class=\"wpr-grid-item-read-more elementor-repeater-item-716d6c5 wpr-grid-item-display-block wpr-grid-item-align-left\"><div class=\"inner-block\"><a target=\"_self\" href=\"https:\/\/biotechbordeauxetudes.fr\/index.php\/2023\/09\/01\/2eme-numero-de-lambitieuse\/\" class=\"wpr-button-effect wpr-button-none\"><span>Lire plus<\/span><\/a><\/div><\/div><\/div><\/div><\/article><\/section>\t\t\t\t<\/div>\n\t\t\t\t<\/div>\n\t\t\t\t\t<\/div>\n\t\t<\/div>\n\t\t\t\t\t<\/div>\n\t\t<\/section>\n\t\t\t\t<\/div>\n\t\t","protected":false},"excerpt":{"rendered":"<p>L&rsquo;Ambitieuse D\u00e9couvrez \u00abL&rsquo;Ambitieuse\u00bb, notre newsletter semestrielle qui vous informe sur les derni\u00e8res nouveaut\u00e9s et \u00e9v\u00e9nements marquants de notre Junior-Initiative. All Newsletter \u00ab L\u2019AMBITIEUSE \u00bb \u2013 Num\u00e9ro 6 f\u00e9vrier 17, 2025 Dans ce nouveau num\u00e9ro : &#8211; Nouvelle \u00c9tude avec Starfish &#8211; Audit r\u00e9ussi pour 2BE &#8211; L&#039;AGP du Congr\u00e8s National d&#039;Hiver &#8211; 2e \u00e9dition de Road to PMJE &#8211; 2BE s&#039;engage aux c\u00f4t\u00e9s de l&#039;Op\u00e9ration Sakado &#8211; Journ\u00e9e Portes Ouvertes Lire plus \u00ab L&rsquo;AMBITIEUSE \u00bb &#8211; Num\u00e9ro 5 novembre 13, 2024 Dans ce nouveau num\u00e9ro : &#8211; Rentr\u00e9e bien charg\u00e9e &#8211; Assembl\u00e9e g\u00e9n\u00e9rale &#8211; Start-Up day &#8211; BiotechPeek &#8211; Congr\u00e8s R\u00e9gional d&#039;Automne du Sud-Ouest Lire plus \u00ab L&rsquo;AMBITIEUSE \u00bb &#8211; Num\u00e9ro 4 juin 24, 2024 Dans ce nouveau num\u00e9ro : &#8211; Le nouveau mandat de 2BE prend les commandes &#8211; Le partenariat avec l\u2019\u00e9cole &#8211; Le Cocktail de Passation &#8211; L\u2019Afterwork du nouveau mandat : Sur la piste de nos origines ! &#8211; Le Congr\u00e8s National d&#039;\u00c9t\u00e9 Lire plus \u00ab L&rsquo;AMBITIEUSE \u00bb &#8211; Num\u00e9ro 3 janvier 5, 2024 Dans ce nouveau num\u00e9ro : &#8211; Le processus de recrutement du nouveau mandat est bien en marche &#8211; Le suivi de l&#039;avanc\u00e9e de chaque p\u00f4le &#8211; Passage de marque Junior-Initiative -Une deuxi\u00e8me \u00c9tude termin\u00e9e avec succ\u00e8s Lire plus \u00ab L&rsquo;AMBITIEUSE \u00bb &#8211; Num\u00e9ro 2 septembre 1, 2023 Dans ce nouveau num\u00e9ro : &#8211; Une premi\u00e8re \u00c9tude finie avec succ\u00e8s, une nouvelle d\u00e9j\u00e0 lanc\u00e9e &#8211; Avanc\u00e9es estivales de chaque p\u00f4le &#8211; Organisation du NETIB 2023 &#8211; Pr\u00e9paration de l\u2019accueil des nouveaux TBBiens Lire plus<\/p>\n","protected":false},"author":1,"featured_media":0,"parent":0,"menu_order":0,"comment_status":"closed","ping_status":"closed","template":"","meta":{"_editorskit_title_hidden":false,"_editorskit_reading_time":0,"_editorskit_is_block_options_detached":false,"_editorskit_block_options_position":"{}","_monsterinsights_skip_tracking":false,"_monsterinsights_sitenote_active":false,"_monsterinsights_sitenote_note":"","_monsterinsights_sitenote_category":0,"_uf_show_specific_survey":0,"_uf_disable_surveys":false,"site-sidebar-layout":"default","site-content-layout":"","ast-site-content-layout":"default","site-content-style":"default","site-sidebar-style":"default","ast-global-header-display":"","ast-banner-title-visibility":"","ast-main-header-display":"","ast-hfb-above-header-display":"","ast-hfb-below-header-display":"","ast-hfb-mobile-header-display":"","site-post-title":"disabled","ast-breadcrumbs-content":"","ast-featured-img":"","footer-sml-layout":"","ast-disable-related-posts":"","theme-transparent-header-meta":"","adv-header-id-meta":"","stick-header-meta":"","header-above-stick-meta":"","header-main-stick-meta":"","header-below-stick-meta":"","astra-migrate-meta-layouts":"set","ast-page-background-enabled":"default","ast-page-background-meta":{"desktop":{"background-color":"var(--ast-global-color-4)","background-image":"","background-repeat":"repeat","background-position":"center center","background-size":"auto","background-attachment":"scroll","background-type":"","background-media":"","overlay-type":"","overlay-color":"","overlay-opacity":"","overlay-gradient":""},"tablet":{"background-color":"","background-image":"","background-repeat":"repeat","background-position":"center center","background-size":"auto","background-attachment":"scroll","background-type":"","background-media":"","overlay-type":"","overlay-color":"","overlay-opacity":"","overlay-gradient":""},"mobile":{"background-color":"","background-image":"","background-repeat":"repeat","background-position":"center center","background-size":"auto","background-attachment":"scroll","background-type":"","background-media":"","overlay-type":"","overlay-color":"","overlay-opacity":"","overlay-gradient":""}},"ast-content-background-meta":{"desktop":{"background-color":"var(--ast-global-color-5)","background-image":"","background-repeat":"repeat","background-position":"center center","background-size":"auto","background-attachment":"scroll","background-type":"","background-media":"","overlay-type":"","overlay-color":"","overlay-opacity":"","overlay-gradient":""},"tablet":{"background-color":"var(--ast-global-color-5)","background-image":"","background-repeat":"repeat","background-position":"center center","background-size":"auto","background-attachment":"scroll","background-type":"","background-media":"","overlay-type":"","overlay-color":"","overlay-opacity":"","overlay-gradient":""},"mobile":{"background-color":"var(--ast-global-color-5)","background-image":"","background-repeat":"repeat","background-position":"center center","background-size":"auto","background-attachment":"scroll","background-type":"","background-media":"","overlay-type":"","overlay-color":"","overlay-opacity":"","overlay-gradient":""}},"footnotes":""},"class_list":["post-223","page","type-page","status-publish","hentry"],"_links":{"self":[{"href":"https:\/\/biotechbordeauxetudes.fr\/index.php\/wp-json\/wp\/v2\/pages\/223","targetHints":{"allow":["GET"]}}],"collection":[{"href":"https:\/\/biotechbordeauxetudes.fr\/index.php\/wp-json\/wp\/v2\/pages"}],"about":[{"href":"https:\/\/biotechbordeauxetudes.fr\/index.php\/wp-json\/wp\/v2\/types\/page"}],"author":[{"embeddable":true,"href":"https:\/\/biotechbordeauxetudes.fr\/index.php\/wp-json\/wp\/v2\/users\/1"}],"replies":[{"embeddable":true,"href":"https:\/\/biotechbordeauxetudes.fr\/index.php\/wp-json\/wp\/v2\/comments?post=223"}],"version-history":[{"count":30,"href":"https:\/\/biotechbordeauxetudes.fr\/index.php\/wp-json\/wp\/v2\/pages\/223\/revisions"}],"predecessor-version":[{"id":3272,"href":"https:\/\/biotechbordeauxetudes.fr\/index.php\/wp-json\/wp\/v2\/pages\/223\/revisions\/3272"}],"wp:attachment":[{"href":"https:\/\/biotechbordeauxetudes.fr\/index.php\/wp-json\/wp\/v2\/media?parent=223"}],"curies":[{"name":"wp","href":"https:\/\/api.w.org\/{rel}","templated":true}]}}