{"id":34,"date":"2023-10-07T17:02:46","date_gmt":"2023-10-07T17:02:46","guid":{"rendered":"https:\/\/biotechbordeauxetudes.fr\/?page_id=34"},"modified":"2025-06-03T18:17:52","modified_gmt":"2025-06-03T18:17:52","slug":"notre-structure","status":"publish","type":"page","link":"https:\/\/biotechbordeauxetudes.fr\/index.php\/notre-structure\/","title":{"rendered":"Notre Structure"},"content":{"rendered":"\t\t<div data-elementor-type=\"wp-page\" data-elementor-id=\"34\" class=\"elementor elementor-34\">\n\t\t\t\t<div class=\"elementor-element elementor-element-30c8c8b0 e-flex e-con-boxed wpr-particle-no wpr-jarallax-no wpr-parallax-no wpr-sticky-section-no wpr-column-slider-no wpr-equal-height-no e-con e-parent\" data-id=\"30c8c8b0\" data-element_type=\"container\" data-e-type=\"container\" data-settings=\"{&quot;background_background&quot;:&quot;classic&quot;}\">\n\t\t\t\t\t<div class=\"e-con-inner\">\n\t\t\t\t<div class=\"elementor-element elementor-element-5b24fa1 elementor-widget elementor-widget-heading\" data-id=\"5b24fa1\" data-element_type=\"widget\" data-e-type=\"widget\" data-widget_type=\"heading.default\">\n\t\t\t\t<div class=\"elementor-widget-container\">\n\t\t\t\t\t<h1 class=\"elementor-heading-title elementor-size-default\">Notre Structure<\/h1>\t\t\t\t<\/div>\n\t\t\t\t<\/div>\n\t\t\t\t<div class=\"elementor-element elementor-element-447522b6 elementor-widget elementor-widget-text-editor\" data-id=\"447522b6\" data-element_type=\"widget\" data-e-type=\"widget\" data-widget_type=\"text-editor.default\">\n\t\t\t\t<div class=\"elementor-widget-container\">\n\t\t\t\t\t\t\t\t\t\n<div class=\"wp-block-media-text is-stacked-on-mobile\">\n<figure class=\"wp-block-media-text__media\"><img loading=\"lazy\" decoding=\"async\" class=\"alignnone wp-image-2164 size-full\" src=\"https:\/\/biotechbordeauxetudes.fr\/wp-content\/uploads\/2025\/04\/IMG_7658-1-scaled-e1745744404753.jpeg\" alt=\"\" width=\"1024\" height=\"768\" \/><\/figure>\n<div class=\"wp-block-media-text__content\">\n<p>\u00a0<\/p>\n<p><strong><mark class=\"has-inline-color has-ast-global-color-2-color\" style=\"background-color: rgba(0, 0, 0, 0);\">Biotech Bordeaux \u00c9tudes<\/mark><\/strong> ou <strong><mark class=\"has-inline-color has-ast-global-color-2-color\" style=\"background-color: rgba(0, 0, 0, 0);\">2BE<\/mark><\/strong> est la <strong><mark class=\"has-inline-color has-ast-global-color-2-color\" style=\"background-color: rgba(0, 0, 0, 0);\">Junior-Initiative<\/mark><\/strong> de l\u2019\u00c9cole Nationale Sup\u00e9rieure de Technologie des Biomol\u00e9cules de Bordeaux (<strong><mark class=\"has-inline-color has-ast-global-color-2-color\" style=\"background-color: rgba(0, 0, 0, 0);\">ENSTBB<\/mark><\/strong>), appartenant au groupe d\u2019\u00e9coles d\u2019ing\u00e9nieurs de <mark class=\"has-inline-color has-ast-global-color-2-color\" style=\"background-color: rgba(0, 0, 0, 0);\"><strong>Bordeaux INP<\/strong><\/mark>.<\/p>\n\n<p>C&rsquo;est une <strong><mark class=\"has-inline-color has-ast-global-color-2-color\" style=\"background-color: rgba(0, 0, 0, 0);\">Association loi 1901<\/mark><\/strong> \u00e0 <strong><mark class=\"has-inline-color has-ast-global-color-2-color\" style=\"background-color: rgba(0, 0, 0, 0);\">but non lucratif<\/mark><\/strong>, <mark class=\"has-inline-color has-ast-global-color-2-color\" style=\"background-color: rgba(0, 0, 0, 0);\"><strong>vocation p\u00e9dagogique<\/strong><\/mark> et <strong><mark class=\"has-inline-color has-ast-global-color-2-color\" style=\"background-color: rgba(0, 0, 0, 0);\">\u00e9conomique<\/mark><\/strong>, qui fait ainsi partie de la Conf\u00e9d\u00e9ration Nationale des Junior-Entreprises (<strong><mark class=\"has-inline-color has-ast-global-color-2-color\" style=\"background-color: rgba(0, 0, 0, 0);\">CNJE<\/mark><\/strong>). La CNJE porte le 1<sup>er<\/sup> mouvement conf\u00e9d\u00e9r\u00e9 \u00e9tudiant de France, dans le but de permettre aux<strong><mark class=\"has-inline-color has-ast-global-color-2-color\" style=\"background-color: rgba(0, 0, 0, 0);\"> \u00e9tudiant.e.s<\/mark><\/strong> de l&rsquo;enseignement sup\u00e9rieur de d\u00e9velopper leurs <strong><mark class=\"has-inline-color has-ast-global-color-2-color\" style=\"background-color: rgba(0, 0, 0, 0);\">comp\u00e9tences<\/mark><\/strong> en accompagnant des <strong><mark class=\"has-inline-color has-ast-global-color-2-color\" style=\"background-color: rgba(0, 0, 0, 0);\">entreprises<\/mark><\/strong> dans leurs projets.<\/p>\n\n<p>Nous, <strong><mark class=\"has-inline-color has-ast-global-color-2-color\" style=\"background-color: rgba(0, 0, 0, 0);\">administratrices<\/mark><\/strong> et <strong><mark class=\"has-inline-color has-ast-global-color-2-color\" style=\"background-color: rgba(0, 0, 0, 0);\">administrateurs<\/mark><\/strong> de 2BE, sommes \u00e0 votre service pour vous mettre en lien avec les <strong><mark class=\"has-inline-color has-ast-global-color-2-color\" style=\"background-color: rgba(0, 0, 0, 0);\">futur.e.s ing\u00e9nieur.e.s<\/mark><\/strong> de l&rsquo;ENSTBB pouvant r\u00e9aliser des <strong><mark class=\"has-inline-color has-ast-global-color-2-color\" style=\"background-color: rgba(0, 0, 0, 0);\">\u00c9tudes <\/mark><\/strong>r\u00e9pondant \u00e0 vos <strong><mark class=\"has-inline-color has-ast-global-color-2-color\" style=\"background-color: rgba(0, 0, 0, 0);\">objectifs<\/mark><\/strong>.<\/p>\n<\/div>\n<\/div>\n\n<p>Il existe trois \u00e9tapes dans le d\u00e9veloppement d&rsquo;une Junior : Junior-Cr\u00e9ation, Junior-Initiative et Junior-Entreprise. La <strong><mark class=\"has-inline-color has-ast-global-color-2-color\" style=\"background-color: rgba(0, 0, 0, 0);\">CNJE<\/mark><\/strong> a pour but de <strong><mark class=\"has-inline-color has-ast-global-color-2-color\" style=\"background-color: rgba(0, 0, 0, 0);\">conseiller<\/mark><\/strong> les Juniors sur leur organisation, de <strong><mark class=\"has-inline-color has-ast-global-color-2-color\" style=\"background-color: rgba(0, 0, 0, 0);\">prot\u00e9ger<\/mark><\/strong> leur statut en apportant un <strong><mark class=\"has-inline-color has-ast-global-color-2-color\" style=\"background-color: rgba(0, 0, 0, 0);\">Cadre L\u00e9gal et R\u00e9glementaire<\/mark><\/strong> et de <strong><mark class=\"has-inline-color has-ast-global-color-2-color\" style=\"background-color: rgba(0, 0, 0, 0);\">former<\/mark><\/strong> les administrateur.trices. Pour cela, elle <strong><mark class=\"has-inline-color has-ast-global-color-2-color\" style=\"background-color: rgba(0, 0, 0, 0);\">audite<\/mark><\/strong> tous les six mois les Junior-Cr\u00e9ation et Junior-Initiative, puis <strong><mark class=\"has-inline-color has-ast-global-color-2-color\" style=\"background-color: rgba(0, 0, 0, 0);\">une fois par an<\/mark><\/strong> les Junior-Entreprises.<\/p>\n\n<div class=\"wp-block-spacer\" style=\"height: 0px;\" aria-hidden=\"true\">\u00a0<\/div>\n\n<div class=\"wp-block-group is-content-justification-center is-nowrap is-layout-flex wp-container-core-group-is-layout-23441af8 wp-block-group-is-layout-flex\">\n<h3 class=\"wp-block-heading\"><mark class=\"has-inline-color has-ast-global-color-2-color\" style=\"background-color: rgba(0, 0, 0, 0);\">ENGAGEMENT<\/mark><\/h3>\n\n<h3 class=\"wp-block-heading\"><mark class=\"has-inline-color has-ast-global-color-2-color\" style=\"background-color: rgba(0, 0, 0, 0);\">CONFIANCE<\/mark><\/h3>\n\n<h3 class=\"wp-block-heading\"><mark class=\"has-inline-color has-ast-global-color-2-color\" style=\"background-color: rgba(0, 0, 0, 0);\">AMBITION<\/mark><\/h3>\n<\/div>\n\n<p>Notre engagement refl\u00e8te une volont\u00e9 d&rsquo;un<strong><mark class=\"has-inline-color has-ast-global-color-2-color\" style=\"background-color: rgba(0, 0, 0, 0);\"> accompagnement<\/mark><\/strong> rigoureux, <mark class=\"has-inline-color has-ast-global-color-2-color\" style=\"background-color: rgba(0, 0, 0, 0);\"><strong>qualitatif<\/strong><\/mark> et <strong><mark class=\"has-inline-color has-ast-global-color-2-color\" style=\"background-color: rgba(0, 0, 0, 0);\">personnalis\u00e9<\/mark><\/strong>, r\u00e9alis\u00e9 par nos administrateur.trice.s soucieux.euses d\u2019atteindre <strong><mark class=\"has-inline-color has-ast-global-color-2-color\" style=\"background-color: rgba(0, 0, 0, 0);\">vos objectifs<\/mark><\/strong>. De plus, Biotech Bordeaux \u00c9tudes favorise les <strong><mark class=\"has-inline-color has-ast-global-color-2-color\" style=\"background-color: rgba(0, 0, 0, 0);\">relations de confiances<\/mark><\/strong> entre ses membres, ses intervenant.e.s et ses clients en leur proposant des \u00c9tudes \u00e0 <strong><mark class=\"has-inline-color has-ast-global-color-2-color\" style=\"background-color: rgba(0, 0, 0, 0);\">b\u00e9n\u00e9fices mutuels<\/mark><\/strong>, en suivant <strong><mark class=\"has-inline-color has-ast-global-color-2-color\" style=\"background-color: rgba(0, 0, 0, 0);\">consciencieusement<\/mark><\/strong> les intervenant.e.s et en se montrant <strong><mark class=\"has-inline-color has-ast-global-color-2-color\" style=\"background-color: rgba(0, 0, 0, 0);\">\u00e0 l&rsquo;\u00e9coute<\/mark><\/strong>. Enfin, notre <strong><mark class=\"has-inline-color has-ast-global-color-2-color\" style=\"background-color: rgba(0, 0, 0, 0);\">ambition<\/mark><\/strong> est \u00e0 la fois de faire <strong><mark class=\"has-inline-color has-ast-global-color-2-color\" style=\"background-color: rgba(0, 0, 0, 0);\">progresser <\/mark><\/strong>vos projets et de guider les intervenant.e.s dans leur <strong><mark class=\"has-inline-color has-ast-global-color-2-color\" style=\"background-color: rgba(0, 0, 0, 0);\">r\u00e9ussite <\/mark><\/strong>professionnelle. Notre Junior-Initiative, future Junior-Entreprise, dispose d&rsquo;un panel d&rsquo;\u00e9tudiant.e.s qui ont \u00e0 c\u0153ur de <strong><mark class=\"has-inline-color has-ast-global-color-2-color\" style=\"background-color: rgba(0, 0, 0, 0);\">d\u00e9velopper<\/mark><\/strong> leurs comp\u00e9tences professionnelles <strong><mark class=\"has-inline-color has-ast-global-color-2-color\" style=\"background-color: rgba(0, 0, 0, 0);\">\u00e0 vos c\u00f4t\u00e9s<\/mark><\/strong>.<\/p>\n\n<div class=\"wp-block-spacer\" style=\"height: 50px;\" aria-hidden=\"true\">\u00a0<\/div>\n\n<div class=\"wp-block-buttons is-content-justification-center is-layout-flex wp-container-core-buttons-is-layout-a89b3969 wp-block-buttons-is-layout-flex\">\n<div class=\"wp-block-button\"><a class=\"wp-block-button__link wp-element-button\" href=\"https:\/\/biotechbordeauxetudes.fr\/index.php\/histoire\/\">Histoire<\/a><\/div>\n\n<div class=\"wp-block-button\"><a class=\"wp-block-button__link wp-element-button\" href=\"https:\/\/biotechbordeauxetudes.fr\/index.php\/notre-equipe\/\">Notre \u00c9quipe<\/a><\/div>\n\n<div class=\"wp-block-button\"><a class=\"wp-block-button__link wp-element-button\" href=\"https:\/\/biotechbordeauxetudes.fr\/index.php\/nos-offres\/\">Nos Offres<\/a><\/div>\n<\/div>\n\n<p>\u00a0<\/p>\n\t\t\t\t\t\t\t\t<\/div>\n\t\t\t\t<\/div>\n\t\t\t\t\t<\/div>\n\t\t\t\t<\/div>\n\t\t\t\t<\/div>\n\t\t","protected":false},"excerpt":{"rendered":"<p>Notre Structure \u00a0 Biotech Bordeaux \u00c9tudes ou 2BE est la Junior-Initiative de l\u2019\u00c9cole Nationale Sup\u00e9rieure de Technologie des Biomol\u00e9cules de Bordeaux (ENSTBB), appartenant au groupe d\u2019\u00e9coles d\u2019ing\u00e9nieurs de Bordeaux INP. C&rsquo;est une Association loi 1901 \u00e0 but non lucratif, vocation p\u00e9dagogique et \u00e9conomique, qui fait ainsi partie de la Conf\u00e9d\u00e9ration Nationale des Junior-Entreprises (CNJE). La CNJE porte le 1er mouvement conf\u00e9d\u00e9r\u00e9 \u00e9tudiant de France, dans le but de permettre aux \u00e9tudiant.e.s de l&rsquo;enseignement sup\u00e9rieur de d\u00e9velopper leurs comp\u00e9tences en accompagnant des entreprises dans leurs projets. Nous, administratrices et administrateurs de 2BE, sommes \u00e0 votre service pour vous mettre en lien avec les futur.e.s ing\u00e9nieur.e.s de l&rsquo;ENSTBB pouvant r\u00e9aliser des \u00c9tudes r\u00e9pondant \u00e0 vos objectifs. Il existe trois \u00e9tapes dans le d\u00e9veloppement d&rsquo;une Junior : Junior-Cr\u00e9ation, Junior-Initiative et Junior-Entreprise. La CNJE a pour but de conseiller les Juniors sur leur organisation, de prot\u00e9ger leur statut en apportant un Cadre L\u00e9gal et R\u00e9glementaire et de former les administrateur.trices. Pour cela, elle audite tous les six mois les Junior-Cr\u00e9ation et Junior-Initiative, puis une fois par an les Junior-Entreprises. ENGAGEMENT CONFIANCE AMBITION Notre engagement refl\u00e8te une volont\u00e9 d&rsquo;un accompagnement rigoureux, qualitatif et personnalis\u00e9, r\u00e9alis\u00e9 par nos administrateur.trice.s soucieux.euses d\u2019atteindre vos objectifs. De plus, Biotech Bordeaux \u00c9tudes favorise les relations de confiances entre ses membres, ses intervenant.e.s et ses clients en leur proposant des \u00c9tudes \u00e0 b\u00e9n\u00e9fices mutuels, en suivant consciencieusement les intervenant.e.s et en se montrant \u00e0 l&rsquo;\u00e9coute. Enfin, notre ambition est \u00e0 la fois de faire progresser vos projets et de guider les intervenant.e.s dans leur r\u00e9ussite professionnelle. Notre Junior-Initiative, future Junior-Entreprise, dispose d&rsquo;un panel d&rsquo;\u00e9tudiant.e.s qui ont \u00e0 c\u0153ur de d\u00e9velopper leurs comp\u00e9tences professionnelles \u00e0 vos c\u00f4t\u00e9s. \u00a0<\/p>\n","protected":false},"author":1,"featured_media":0,"parent":0,"menu_order":0,"comment_status":"closed","ping_status":"closed","template":"","meta":{"_editorskit_title_hidden":false,"_editorskit_reading_time":0,"_editorskit_is_block_options_detached":false,"_editorskit_block_options_position":"{}","_monsterinsights_skip_tracking":false,"_monsterinsights_sitenote_active":false,"_monsterinsights_sitenote_note":"","_monsterinsights_sitenote_category":0,"_uf_show_specific_survey":0,"_uf_disable_surveys":false,"site-sidebar-layout":"default","site-content-layout":"","ast-site-content-layout":"default","site-content-style":"default","site-sidebar-style":"default","ast-global-header-display":"","ast-banner-title-visibility":"","ast-main-header-display":"","ast-hfb-above-header-display":"","ast-hfb-below-header-display":"","ast-hfb-mobile-header-display":"","site-post-title":"disabled","ast-breadcrumbs-content":"","ast-featured-img":"","footer-sml-layout":"","ast-disable-related-posts":"","theme-transparent-header-meta":"","adv-header-id-meta":"","stick-header-meta":"","header-above-stick-meta":"","header-main-stick-meta":"","header-below-stick-meta":"","astra-migrate-meta-layouts":"set","ast-page-background-enabled":"default","ast-page-background-meta":{"desktop":{"background-color":"var(--ast-global-color-4)","background-image":"","background-repeat":"repeat","background-position":"center center","background-size":"auto","background-attachment":"scroll","background-type":"","background-media":"","overlay-type":"","overlay-color":"","overlay-opacity":"","overlay-gradient":""},"tablet":{"background-color":"","background-image":"","background-repeat":"repeat","background-position":"center center","background-size":"auto","background-attachment":"scroll","background-type":"","background-media":"","overlay-type":"","overlay-color":"","overlay-opacity":"","overlay-gradient":""},"mobile":{"background-color":"","background-image":"","background-repeat":"repeat","background-position":"center center","background-size":"auto","background-attachment":"scroll","background-type":"","background-media":"","overlay-type":"","overlay-color":"","overlay-opacity":"","overlay-gradient":""}},"ast-content-background-meta":{"desktop":{"background-color":"var(--ast-global-color-5)","background-image":"","background-repeat":"repeat","background-position":"center center","background-size":"auto","background-attachment":"scroll","background-type":"","background-media":"","overlay-type":"","overlay-color":"","overlay-opacity":"","overlay-gradient":""},"tablet":{"background-color":"var(--ast-global-color-5)","background-image":"","background-repeat":"repeat","background-position":"center center","background-size":"auto","background-attachment":"scroll","background-type":"","background-media":"","overlay-type":"","overlay-color":"","overlay-opacity":"","overlay-gradient":""},"mobile":{"background-color":"var(--ast-global-color-5)","background-image":"","background-repeat":"repeat","background-position":"center center","background-size":"auto","background-attachment":"scroll","background-type":"","background-media":"","overlay-type":"","overlay-color":"","overlay-opacity":"","overlay-gradient":""}},"footnotes":""},"class_list":["post-34","page","type-page","status-publish","hentry"],"_links":{"self":[{"href":"https:\/\/biotechbordeauxetudes.fr\/index.php\/wp-json\/wp\/v2\/pages\/34","targetHints":{"allow":["GET"]}}],"collection":[{"href":"https:\/\/biotechbordeauxetudes.fr\/index.php\/wp-json\/wp\/v2\/pages"}],"about":[{"href":"https:\/\/biotechbordeauxetudes.fr\/index.php\/wp-json\/wp\/v2\/types\/page"}],"author":[{"embeddable":true,"href":"https:\/\/biotechbordeauxetudes.fr\/index.php\/wp-json\/wp\/v2\/users\/1"}],"replies":[{"embeddable":true,"href":"https:\/\/biotechbordeauxetudes.fr\/index.php\/wp-json\/wp\/v2\/comments?post=34"}],"version-history":[{"count":51,"href":"https:\/\/biotechbordeauxetudes.fr\/index.php\/wp-json\/wp\/v2\/pages\/34\/revisions"}],"predecessor-version":[{"id":2397,"href":"https:\/\/biotechbordeauxetudes.fr\/index.php\/wp-json\/wp\/v2\/pages\/34\/revisions\/2397"}],"wp:attachment":[{"href":"https:\/\/biotechbordeauxetudes.fr\/index.php\/wp-json\/wp\/v2\/media?parent=34"}],"curies":[{"name":"wp","href":"https:\/\/api.w.org\/{rel}","templated":true}]}}