{"id":46,"date":"2023-10-07T19:00:47","date_gmt":"2023-10-07T19:00:47","guid":{"rendered":"https:\/\/biotechbordeauxetudes.fr\/?page_id=46"},"modified":"2025-11-03T18:43:55","modified_gmt":"2025-11-03T18:43:55","slug":"mentions-legales","status":"publish","type":"page","link":"https:\/\/biotechbordeauxetudes.fr\/index.php\/mentions-legales\/","title":{"rendered":"Mentions L\u00e9gales"},"content":{"rendered":"\t\t<div data-elementor-type=\"wp-page\" data-elementor-id=\"46\" class=\"elementor elementor-46\">\n\t\t\t\t<div class=\"elementor-element elementor-element-59b3284 e-flex e-con-boxed wpr-particle-no wpr-jarallax-no wpr-parallax-no wpr-sticky-section-no wpr-column-slider-no wpr-equal-height-no e-con e-parent\" data-id=\"59b3284\" data-element_type=\"container\" data-e-type=\"container\">\n\t\t\t\t\t<div class=\"e-con-inner\">\n\t\t\t\t<div class=\"elementor-element elementor-element-e81e3c0 elementor-widget elementor-widget-heading\" data-id=\"e81e3c0\" data-element_type=\"widget\" data-e-type=\"widget\" data-widget_type=\"heading.default\">\n\t\t\t\t<div class=\"elementor-widget-container\">\n\t\t\t\t\t<h2 class=\"elementor-heading-title elementor-size-default\"><b>Mentions L\u00e9gales<\/b><\/h2>\t\t\t\t<\/div>\n\t\t\t\t<\/div>\n\t\t\t\t\t<\/div>\n\t\t\t\t<\/div>\n\t\t<div class=\"elementor-element elementor-element-58dc6088 e-flex e-con-boxed wpr-particle-no wpr-jarallax-no wpr-parallax-no wpr-sticky-section-no wpr-column-slider-no wpr-equal-height-no e-con e-parent\" data-id=\"58dc6088\" data-element_type=\"container\" data-e-type=\"container\">\n\t\t\t\t\t<div class=\"e-con-inner\">\n\t\t\t\t<div class=\"elementor-element elementor-element-5c850815 elementor-widget elementor-widget-text-editor\" data-id=\"5c850815\" data-element_type=\"widget\" data-e-type=\"widget\" data-widget_type=\"text-editor.default\">\n\t\t\t\t<div class=\"elementor-widget-container\">\n\t\t\t\t\t\t\t\t\t<div style=\"color:#FBF4F4;\">\n  <p>Si besoin, vous pouvez faire valoir vos droits d\u2019acc\u00e8s aux donn\u00e9es, de rectification, d&rsquo;effacement, de limitation, de portabilit\u00e9 des donn\u00e9es et d&rsquo;opposition en contactant notre Responsable D\u00e9l\u00e9gu\u00e9 \u00e0 la Protection des Donn\u00e9es : \n    <a href=\"mailto:presidence@biotechbordeauxetudes.fr\" style=\"color:#FBF4F4;\">presidence@biotechbordeauxetudes.fr<\/a>.\n    <br>Vous avez \u00e9galement le droit d\u2019introduire une r\u00e9clamation aupr\u00e8s de la CNIL (Commission Nationale de l&rsquo;Informatique et des Libert\u00e9s)\n  <\/p>\n\n  <h3 class=\"wp-block-heading\" style=\"color:#FBF4F4;\">Soci\u00e9t\u00e9, <i>propri\u00e9taire<\/i> du site et contact<\/h3>\n\n  <ul style=\"list-style-type:none; color:#FBF4F4;\">\n    <li><strong>Statut de la soci\u00e9t\u00e9 :<\/strong> Association r\u00e9gie par la loi 1901 &#8211; Membre de la Conf\u00e9d\u00e9ration Nationale des Junior-Entreprises<\/li>\n    <li><strong>Nom de la soci\u00e9t\u00e9 :<\/strong> Biotech Bordeaux \u00c9tudes<\/li>\n    <li><strong>Sigle :<\/strong> 2BE<\/li>\n    <li><strong>Adresse de la soci\u00e9t\u00e9 :<\/strong> H\u00e9berg\u00e9e \u00e0 l&rsquo;ENSTBB &#8211; Bordeaux INP au 146, rue L\u00e9o Saignat, 33000 Bordeaux<\/li>\n    <li><strong>Contact :<\/strong>\n      <ul style=\"list-style-type:none; color:#FBF4F4;\">\n        <li><em>Mail :<\/em> <a href=\"mailto:contact@biotechbordeauxetudes.fr\" style=\"color:#FBF4F4;\">contact@biotechbordeauxetudes.fr<\/a><\/li>\n        <li><em>T\u00e9l\u00e9phone :<\/em> +33 (0)5 56 84 69 84<\/li>\n      <\/ul>\n    <\/li>\n    <li><strong>N\u00ba SIRET :<\/strong> 91885583400019<\/li>\n    <li><strong>Code APE :<\/strong> 9499Z<\/li>\n    <li><strong>N\u00b0 TVA intracommunautaire :<\/strong> FR77918855834<\/li>\n  <\/ul>\n\n  <h3 class=\"wp-block-heading\" style=\"color:#FBF4F4;\">\u00c9dition du site<\/h3>\n  <p>Le site <a href=\"https:\/\/www.biotechbordeauxetudes.fr\" style=\"color:#FBF4F4;\">https:\/\/www.biotechbordeauxetudes.fr<\/a> est \u00e9dit\u00e9 par le p\u00f4le Communication de Biotech Bordeaux \u00c9tudes, dont l&rsquo;adresse est la suivante : 146, rue L\u00e9o Saignat, 33000 Bordeaux.\n  <br>Ce site web a \u00e9t\u00e9 r\u00e9alis\u00e9 avec le syst\u00e8me de gestion de contenu libre (sous licence GPL) WordPress.<\/p>\n\n  <h3 class=\"wp-block-heading\" style=\"color:#FBF4F4;\">H\u00e9bergement du site<\/h3>\n  <p>Le site <a href=\"https:\/\/www.biotechbordeauxetudes.fr\" style=\"color:#FBF4F4;\">https:\/\/www.biotechbordeauxetudes.fr<\/a> est h\u00e9berg\u00e9 par la Soci\u00e9t\u00e9 par Actions Simplifi\u00e9e PulseHeberg situ\u00e9e au 9, Boulevard de Strasbourg, 83000 Toulon.<\/p>\n\n  <h3 class=\"wp-block-heading\" style=\"color:#FBF4F4;\">Direction de la publication<\/h3>\n  <p>En sa qualit\u00e9 de Responsable du P\u00f4le Communication, L\u00e9a Jaud est nomm\u00e9e directrice de la publication : \n    <a href=\"mailto:communication@biotechbordeauxetudes.fr\" style=\"color:#FBF4F4;\">communication@biotechbordeauxetudes.fr<\/a>.\n  <\/p>\n\n  <h3 class=\"wp-block-heading\" style=\"color:#FBF4F4;\">Cr\u00e9dits illustrations<\/h3>\n  <p>Photographies internes, prises par Julie Morcel.<br>Logos des diff\u00e9rentes structures provenant de leurs sites respectifs.<\/p>\n\n  <h3 class=\"wp-block-heading\" style=\"color:#FBF4F4;\">Contenu int\u00e9gr\u00e9 d&rsquo;autres sites web<\/h3>\n  <p>Ce site peut contenir du contenu int\u00e9gr\u00e9 (par exemple des vid\u00e9os, des images, des articles, etc). \n  Le contenu int\u00e9gr\u00e9 provenant d&rsquo;autres sites web se comporte exactement de la m\u00eame mani\u00e8re que si le visiteur avait visit\u00e9 l&rsquo;autre site web.\n  <br>Ces sites web peuvent collecter des donn\u00e9es vous concernant, utiliser des cookies, int\u00e9grer un suivi suppl\u00e9mentaire par des tiers et surveiller votre interaction avec ce contenu int\u00e9gr\u00e9, \n  y compris votre interaction avec le contenu int\u00e9gr\u00e9 si vous avez un compte et que vous \u00eates connect\u00e9 \u00e0 ce site web.<\/p>\n<\/div>\n\t\t\t\t\t\t\t\t<\/div>\n\t\t\t\t<\/div>\n\t\t\t\t\t<\/div>\n\t\t\t\t<\/div>\n\t\t\t\t<\/div>\n\t\t","protected":false},"excerpt":{"rendered":"<p>Mentions L\u00e9gales Si besoin, vous pouvez faire valoir vos droits d\u2019acc\u00e8s aux donn\u00e9es, de rectification, d&rsquo;effacement, de limitation, de portabilit\u00e9 des donn\u00e9es et d&rsquo;opposition en contactant notre Responsable D\u00e9l\u00e9gu\u00e9 \u00e0 la Protection des Donn\u00e9es : presidence@biotechbordeauxetudes.fr. Vous avez \u00e9galement le droit d\u2019introduire une r\u00e9clamation aupr\u00e8s de la CNIL (Commission Nationale de l&rsquo;Informatique et des Libert\u00e9s) Soci\u00e9t\u00e9, propri\u00e9taire du site et contact Statut de la soci\u00e9t\u00e9 : Association r\u00e9gie par la loi 1901 &#8211; Membre de la Conf\u00e9d\u00e9ration Nationale des Junior-Entreprises Nom de la soci\u00e9t\u00e9 : Biotech Bordeaux \u00c9tudes Sigle : 2BE Adresse de la soci\u00e9t\u00e9 : H\u00e9berg\u00e9e \u00e0 l&rsquo;ENSTBB &#8211; Bordeaux INP au 146, rue L\u00e9o Saignat, 33000 Bordeaux Contact : Mail : contact@biotechbordeauxetudes.fr T\u00e9l\u00e9phone : +33 (0)5 56 84 69 84 N\u00ba SIRET : 91885583400019 Code APE : 9499Z N\u00b0 TVA intracommunautaire : FR77918855834 \u00c9dition du site Le site https:\/\/www.biotechbordeauxetudes.fr est \u00e9dit\u00e9 par le p\u00f4le Communication de Biotech Bordeaux \u00c9tudes, dont l&rsquo;adresse est la suivante : 146, rue L\u00e9o Saignat, 33000 Bordeaux. Ce site web a \u00e9t\u00e9 r\u00e9alis\u00e9 avec le syst\u00e8me de gestion de contenu libre (sous licence GPL) WordPress. H\u00e9bergement du site Le site https:\/\/www.biotechbordeauxetudes.fr est h\u00e9berg\u00e9 par la Soci\u00e9t\u00e9 par Actions Simplifi\u00e9e PulseHeberg situ\u00e9e au 9, Boulevard de Strasbourg, 83000 Toulon. Direction de la publication En sa qualit\u00e9 de Responsable du P\u00f4le Communication, L\u00e9a Jaud est nomm\u00e9e directrice de la publication : communication@biotechbordeauxetudes.fr. Cr\u00e9dits illustrations Photographies internes, prises par Julie Morcel.Logos des diff\u00e9rentes structures provenant de leurs sites respectifs. Contenu int\u00e9gr\u00e9 d&rsquo;autres sites web Ce site peut contenir du contenu int\u00e9gr\u00e9 (par exemple des vid\u00e9os, des images, des articles, etc). Le contenu int\u00e9gr\u00e9 provenant d&rsquo;autres sites web se comporte exactement de la m\u00eame mani\u00e8re que si le visiteur avait visit\u00e9 l&rsquo;autre site web. Ces sites web peuvent collecter des donn\u00e9es vous concernant, utiliser des cookies, int\u00e9grer un suivi suppl\u00e9mentaire par des tiers et surveiller votre interaction avec ce contenu int\u00e9gr\u00e9, y compris votre interaction avec le contenu int\u00e9gr\u00e9 si vous avez un compte et que vous \u00eates connect\u00e9 \u00e0 ce site web.<\/p>\n","protected":false},"author":1,"featured_media":0,"parent":0,"menu_order":0,"comment_status":"closed","ping_status":"closed","template":"","meta":{"_editorskit_title_hidden":false,"_editorskit_reading_time":0,"_editorskit_is_block_options_detached":false,"_editorskit_block_options_position":"{}","_monsterinsights_skip_tracking":false,"_monsterinsights_sitenote_active":false,"_monsterinsights_sitenote_note":"","_monsterinsights_sitenote_category":0,"_uf_show_specific_survey":0,"_uf_disable_surveys":false,"site-sidebar-layout":"default","site-content-layout":"","ast-site-content-layout":"default","site-content-style":"default","site-sidebar-style":"default","ast-global-header-display":"","ast-banner-title-visibility":"","ast-main-header-display":"","ast-hfb-above-header-display":"","ast-hfb-below-header-display":"","ast-hfb-mobile-header-display":"","site-post-title":"","ast-breadcrumbs-content":"","ast-featured-img":"","footer-sml-layout":"","ast-disable-related-posts":"","theme-transparent-header-meta":"","adv-header-id-meta":"","stick-header-meta":"","header-above-stick-meta":"","header-main-stick-meta":"","header-below-stick-meta":"","astra-migrate-meta-layouts":"set","ast-page-background-enabled":"default","ast-page-background-meta":{"desktop":{"background-color":"var(--ast-global-color-4)","background-image":"","background-repeat":"repeat","background-position":"center center","background-size":"auto","background-attachment":"scroll","background-type":"","background-media":"","overlay-type":"","overlay-color":"","overlay-opacity":"","overlay-gradient":""},"tablet":{"background-color":"","background-image":"","background-repeat":"repeat","background-position":"center center","background-size":"auto","background-attachment":"scroll","background-type":"","background-media":"","overlay-type":"","overlay-color":"","overlay-opacity":"","overlay-gradient":""},"mobile":{"background-color":"","background-image":"","background-repeat":"repeat","background-position":"center center","background-size":"auto","background-attachment":"scroll","background-type":"","background-media":"","overlay-type":"","overlay-color":"","overlay-opacity":"","overlay-gradient":""}},"ast-content-background-meta":{"desktop":{"background-color":"var(--ast-global-color-5)","background-image":"","background-repeat":"repeat","background-position":"center center","background-size":"auto","background-attachment":"scroll","background-type":"","background-media":"","overlay-type":"","overlay-color":"","overlay-opacity":"","overlay-gradient":""},"tablet":{"background-color":"var(--ast-global-color-5)","background-image":"","background-repeat":"repeat","background-position":"center center","background-size":"auto","background-attachment":"scroll","background-type":"","background-media":"","overlay-type":"","overlay-color":"","overlay-opacity":"","overlay-gradient":""},"mobile":{"background-color":"var(--ast-global-color-5)","background-image":"","background-repeat":"repeat","background-position":"center center","background-size":"auto","background-attachment":"scroll","background-type":"","background-media":"","overlay-type":"","overlay-color":"","overlay-opacity":"","overlay-gradient":""}},"footnotes":""},"class_list":["post-46","page","type-page","status-publish","hentry"],"_links":{"self":[{"href":"https:\/\/biotechbordeauxetudes.fr\/index.php\/wp-json\/wp\/v2\/pages\/46","targetHints":{"allow":["GET"]}}],"collection":[{"href":"https:\/\/biotechbordeauxetudes.fr\/index.php\/wp-json\/wp\/v2\/pages"}],"about":[{"href":"https:\/\/biotechbordeauxetudes.fr\/index.php\/wp-json\/wp\/v2\/types\/page"}],"author":[{"embeddable":true,"href":"https:\/\/biotechbordeauxetudes.fr\/index.php\/wp-json\/wp\/v2\/users\/1"}],"replies":[{"embeddable":true,"href":"https:\/\/biotechbordeauxetudes.fr\/index.php\/wp-json\/wp\/v2\/comments?post=46"}],"version-history":[{"count":33,"href":"https:\/\/biotechbordeauxetudes.fr\/index.php\/wp-json\/wp\/v2\/pages\/46\/revisions"}],"predecessor-version":[{"id":3006,"href":"https:\/\/biotechbordeauxetudes.fr\/index.php\/wp-json\/wp\/v2\/pages\/46\/revisions\/3006"}],"wp:attachment":[{"href":"https:\/\/biotechbordeauxetudes.fr\/index.php\/wp-json\/wp\/v2\/media?parent=46"}],"curies":[{"name":"wp","href":"https:\/\/api.w.org\/{rel}","templated":true}]}}